{"id":217,"date":"2018-04-21T11:38:10","date_gmt":"2018-04-21T11:38:10","guid":{"rendered":"http:\/\/miiahuttu.nettihotelli.info\/wordpress\/?page_id=217"},"modified":"2020-08-07T11:48:29","modified_gmt":"2020-08-07T09:48:29","slug":"some-ja-design-management","status":"publish","type":"page","link":"http:\/\/miiahuttu.nettihotelli.info\/wordpress\/some-ja-design-management\/","title":{"rendered":"Design management"},"content":{"rendered":"\n<div class=\"wp-block-file\"><a href=\"http:\/\/miiahuttu.nettihotelli.info\/wordpress\/wp-content\/uploads\/2019\/05\/Yrityksen-graafinen-ilme-2019.pdf\" target=\"_blank\" rel=\"noreferrer noopener\">Kurssimateriaali, PDF<\/a><a href=\"http:\/\/miiahuttu.nettihotelli.info\/wordpress\/wp-content\/uploads\/2019\/05\/Yrityksen-graafinen-ilme-2019.pdf\" class=\"wp-block-file__button\" download>Lataa<\/a><\/div>\n\n\n\n<p><a href=\"https:\/\/prezi.com\/view\/suYkRL1zbYsSNrSir2df\/\" target=\"_blank\" rel=\"noreferrer noopener\">Prezi-esitys graafisesta ilmeest\u00e4<\/a><\/p>\n\n\n\n<p>Apuv\u00e4line v\u00e4risuunnitteluun:<a href=\"https:\/\/color.adobe.com\" target=\"_blank\" rel=\"noopener noreferrer\"> Adobe Color&nbsp;<\/a><\/p>\n\n\n\n<p><a href=\"https:\/\/fi.wikipedia.org\/wiki\/Orpo-_ja_leskirivit\" target=\"_blank\" rel=\"noopener noreferrer\">Orpo- ja leskirivien m\u00e4\u00e4ritelm\u00e4.<\/a><\/p>\n\n\n\n<p>Esimerkki graafisesta ohjeesta:<a href=\"http:\/\/media.vapr.fi\/content\/uploads\/2014\/04\/vapriikki-graafinen-ohjeisto.pdf\" target=\"_blank\" rel=\"noopener noreferrer\"> Vapriikki<\/a><\/p>\n\n\n\n<p><a href=\"http:\/\/miiahuttu.nettihotelli.info\/materiaaleja\/Fonttityypit.pdf\" target=\"_blank\" rel=\"noopener noreferrer\">Fonttitiedostotyypit ja niiden k\u00e4ytt\u00f6.<\/a><\/p>\n\n\n\n<p><a href=\"https:\/\/suomenkuvalehti.fi\/jutut\/kotimaa\/korallinpunainen-vari-saa-sinut-ostamaan-mita-tahansa-sama-savy-on-nyt-kaikkialla-ja-siita-on-paattanyt-yksi-amerikkalaisyhtio\/?shared=1089738-7e5766e9-1\" target=\"_blank\" rel=\"noreferrer noopener\" aria-label=\"Suomen Kuvalehden juttu muotiv\u00e4reist\u00e4 ja v\u00e4ribisneksest\u00e4 (avautuu uudessa v\u00e4lilehdess\u00e4)\">Suomen Kuvalehden juttu muotiv\u00e4reist\u00e4 ja v\u00e4ribisneksest\u00e4<\/a><\/p>\n\n\n\n<div class=\"wp-block-image\"><figure class=\"alignleft\"><a href=\"http:\/\/miiahuttu.nettihotelli.info\/wordpress\/wp-content\/uploads\/2018\/04\/fonttityypit.jpg\" target=\"_blank\" rel=\"noreferrer noopener\"><img loading=\"lazy\" decoding=\"async\" width=\"724\" height=\"1024\" src=\"http:\/\/miiahuttu.nettihotelli.info\/wordpress\/wp-content\/uploads\/2018\/04\/fonttityypit-724x1024.jpg\" alt=\"\" class=\"wp-image-218\" srcset=\"http:\/\/miiahuttu.nettihotelli.info\/wordpress\/wp-content\/uploads\/2018\/04\/fonttityypit-724x1024.jpg 724w, http:\/\/miiahuttu.nettihotelli.info\/wordpress\/wp-content\/uploads\/2018\/04\/fonttityypit-416x589.jpg 416w, http:\/\/miiahuttu.nettihotelli.info\/wordpress\/wp-content\/uploads\/2018\/04\/fonttityypit-212x300.jpg 212w, http:\/\/miiahuttu.nettihotelli.info\/wordpress\/wp-content\/uploads\/2018\/04\/fonttityypit-768x1087.jpg 768w, http:\/\/miiahuttu.nettihotelli.info\/wordpress\/wp-content\/uploads\/2018\/04\/fonttityypit-800x1132.jpg 800w\" sizes=\"auto, (max-width: 724px) 100vw, 724px\" \/><\/a><\/figure><\/div>\n","protected":false},"excerpt":{"rendered":"<p>Prezi-esitys graafisesta ilmeest\u00e4 Apuv\u00e4line v\u00e4risuunnitteluun: Adobe Color&nbsp; Orpo- ja leskirivien m\u00e4\u00e4ritelm\u00e4. Esimerkki graafisesta ohjeesta: Vapriikki Fonttitiedostotyypit ja niiden k\u00e4ytt\u00f6. Suomen Kuvalehden juttu muotiv\u00e4reist\u00e4 ja v\u00e4ribisneksest\u00e4<\/p>\n","protected":false},"author":1,"featured_media":0,"parent":0,"menu_order":0,"comment_status":"closed","ping_status":"closed","template":"","meta":{"footnotes":""},"class_list":["post-217","page","type-page","status-publish","hentry"],"_links":{"self":[{"href":"http:\/\/miiahuttu.nettihotelli.info\/wordpress\/wp-json\/wp\/v2\/pages\/217","targetHints":{"allow":["GET"]}}],"collection":[{"href":"http:\/\/miiahuttu.nettihotelli.info\/wordpress\/wp-json\/wp\/v2\/pages"}],"about":[{"href":"http:\/\/miiahuttu.nettihotelli.info\/wordpress\/wp-json\/wp\/v2\/types\/page"}],"author":[{"embeddable":true,"href":"http:\/\/miiahuttu.nettihotelli.info\/wordpress\/wp-json\/wp\/v2\/users\/1"}],"replies":[{"embeddable":true,"href":"http:\/\/miiahuttu.nettihotelli.info\/wordpress\/wp-json\/wp\/v2\/comments?post=217"}],"version-history":[{"count":20,"href":"http:\/\/miiahuttu.nettihotelli.info\/wordpress\/wp-json\/wp\/v2\/pages\/217\/revisions"}],"predecessor-version":[{"id":615,"href":"http:\/\/miiahuttu.nettihotelli.info\/wordpress\/wp-json\/wp\/v2\/pages\/217\/revisions\/615"}],"wp:attachment":[{"href":"http:\/\/miiahuttu.nettihotelli.info\/wordpress\/wp-json\/wp\/v2\/media?parent=217"}],"curies":[{"name":"wp","href":"https:\/\/api.w.org\/{rel}","templated":true}]}}