{"id":235,"date":"2018-05-22T10:15:06","date_gmt":"2018-05-22T10:15:06","guid":{"rendered":"http:\/\/miiahuttu.nettihotelli.info\/wordpress\/?page_id=235"},"modified":"2018-05-22T10:16:56","modified_gmt":"2018-05-22T10:16:56","slug":"etatehtava-design-management","status":"publish","type":"page","link":"http:\/\/miiahuttu.nettihotelli.info\/wordpress\/etatehtava-design-management\/","title":{"rendered":"Et\u00e4teht\u00e4v\u00e4 Design management"},"content":{"rendered":"<p>Luo omalle tai kuvitteelliselle yritykselle lyhyt graafinen ohje, jossa on m\u00e4\u00e4riteltyin\u00e4 <strong>logoversiot<\/strong>, <strong>yritysv\u00e4rit<\/strong> ja <strong>typografia<\/strong>. Perustele lyhyesti, miksi juuri t\u00e4llainen ilme.<\/p>\n<p>Huom! Muista, ett\u00e4 logossa k\u00e4ytetty kirjaintyyli ei sis\u00e4lly typografiaan, vaan se muutetaan kuvaksi ja k\u00e4ytet\u00e4\u00e4n kuvan tapaan.<\/p>\n<p>M\u00e4\u00e4rittele v\u00e4rit seuraavilla arvoilla:<\/p>\n<p>PMS (Pantonen v\u00e4rikoodi)<br \/>\nCMYK<br \/>\nRGB<br \/>\nHEX\/HTML<\/p>\n<p>Kokoa ohje Canvassa tai Wordiss\u00e4 yhdelle arkille. Logon k\u00e4ytt\u00f6\u00e4 tai suoja-aluetta ei tarvitse merkit\u00e4.<\/p>\n<p>Katso mallia esim. <a href=\"http:\/\/media.vapr.fi\/content\/uploads\/2014\/04\/vapriikki-graafinen-ohjeisto.pdf\" target=\"_blank\" rel=\"noopener\">Vapriikin<\/a> ohjeesta.<\/p>\n<p>&nbsp;<\/p>\n<p>&nbsp;<\/p>\n","protected":false},"excerpt":{"rendered":"<p>Luo omalle tai kuvitteelliselle yritykselle lyhyt graafinen ohje, jossa on m\u00e4\u00e4riteltyin\u00e4 logoversiot, yritysv\u00e4rit ja typografia. Perustele lyhyesti, miksi juuri t\u00e4llainen ilme. Huom! Muista, ett\u00e4 logossa k\u00e4ytetty kirjaintyyli ei sis\u00e4lly typografiaan, vaan se muutetaan kuvaksi ja k\u00e4ytet\u00e4\u00e4n kuvan tapaan. M\u00e4\u00e4rittele v\u00e4rit seuraavilla arvoilla: PMS (Pantonen v\u00e4rikoodi) CMYK RGB HEX\/HTML Kokoa ohje Canvassa tai Wordiss\u00e4 yhdelle arkille. [&hellip;]<\/p>\n","protected":false},"author":1,"featured_media":0,"parent":0,"menu_order":0,"comment_status":"closed","ping_status":"closed","template":"","meta":{"footnotes":""},"class_list":["post-235","page","type-page","status-publish","hentry"],"_links":{"self":[{"href":"http:\/\/miiahuttu.nettihotelli.info\/wordpress\/wp-json\/wp\/v2\/pages\/235","targetHints":{"allow":["GET"]}}],"collection":[{"href":"http:\/\/miiahuttu.nettihotelli.info\/wordpress\/wp-json\/wp\/v2\/pages"}],"about":[{"href":"http:\/\/miiahuttu.nettihotelli.info\/wordpress\/wp-json\/wp\/v2\/types\/page"}],"author":[{"embeddable":true,"href":"http:\/\/miiahuttu.nettihotelli.info\/wordpress\/wp-json\/wp\/v2\/users\/1"}],"replies":[{"embeddable":true,"href":"http:\/\/miiahuttu.nettihotelli.info\/wordpress\/wp-json\/wp\/v2\/comments?post=235"}],"version-history":[{"count":3,"href":"http:\/\/miiahuttu.nettihotelli.info\/wordpress\/wp-json\/wp\/v2\/pages\/235\/revisions"}],"predecessor-version":[{"id":238,"href":"http:\/\/miiahuttu.nettihotelli.info\/wordpress\/wp-json\/wp\/v2\/pages\/235\/revisions\/238"}],"wp:attachment":[{"href":"http:\/\/miiahuttu.nettihotelli.info\/wordpress\/wp-json\/wp\/v2\/media?parent=235"}],"curies":[{"name":"wp","href":"https:\/\/api.w.org\/{rel}","templated":true}]}}