{"id":307,"date":"2019-04-13T19:08:34","date_gmt":"2019-04-13T17:08:34","guid":{"rendered":"http:\/\/miiahuttu.nettihotelli.info\/?page_id=307"},"modified":"2021-04-20T19:52:40","modified_gmt":"2021-04-20T17:52:40","slug":"instagram","status":"publish","type":"page","link":"http:\/\/miiahuttu.nettihotelli.info\/wordpress\/instagram\/","title":{"rendered":"Instagram"},"content":{"rendered":"\n<div class=\"wp-block-file\"><a href=\"http:\/\/miiahuttu.nettihotelli.info\/wordpress\/wp-content\/uploads\/2019\/05\/Instagramin-perusteet.pdf\" target=\"_blank\" rel=\"noreferrer noopener\">Katso t\u00e4st\u00e4 kurssimateriaali<\/a><a href=\"http:\/\/miiahuttu.nettihotelli.info\/wordpress\/wp-content\/uploads\/2019\/05\/Instagramin-perusteet.pdf\" class=\"wp-block-file__button\" download>Lataa<\/a><\/div>\n\n\n\n<div style=\"height:51px\" aria-hidden=\"true\" class=\"wp-block-spacer\"><\/div>\n\n\n\n<h3 class=\"wp-block-heading\">Hyvi\u00e4 apuv\u00e4lineit\u00e4:<\/h3>\n\n\n\n<h4 class=\"wp-block-heading\"><strong>Kuvien editointiin<\/strong><\/h4>\n\n\n\n<ul class=\"wp-block-list\"><li><strong>Adobe Lightroom CC <\/strong>(riisuttu ilmaisversio sek\u00e4 maksullinen versio)<\/li><li><strong>Adobe Photoshop<\/strong> (riisuttu ilmaisversio sek\u00e4 maksullinen versio)<\/li><li>Erilaiset kuvakollasien tekemisen mahdollistavat sovellukset, kuten esimerkiksi <strong>Layout<\/strong> (ilmainen)<\/li><\/ul>\n\n\n\n<p>Lis\u00e4\u00e4 sovelluksia l\u00f6yd\u00e4t esimerkiksi <a href=\"https:\/\/iphonephotographyschool.com\/best-photo-editing-apps\/\" target=\"_blank\" rel=\"noreferrer noopener\" aria-label=\"t\u00e4lt\u00e4 listalta. (avautuu uudessa v\u00e4lilehdess\u00e4)\">t\u00e4lt\u00e4 listalta.<\/a><\/p>\n\n\n\n<h4 class=\"wp-block-heading\">Videoiden editointiin<\/h4>\n\n\n\n<ul class=\"wp-block-list\"><li><strong>iMovie<\/strong> (Applen laitteille, ilmainen sovellus)<\/li><\/ul>\n\n\n\n<p>Android-sovelluksia l\u00f6yd\u00e4t esimerkiksi <a rel=\"noreferrer noopener\" aria-label=\"t\u00e4lt\u00e4 listalta. (avautuu uudessa v\u00e4lilehdess\u00e4)\" href=\"https:\/\/fossbytes.com\/best-android-video-editor-apps\/\" target=\"_blank\">t\u00e4lt\u00e4 listalta.<\/a><\/p>\n\n\n\n<h4 class=\"wp-block-heading\">Jotain tavallisuudesta poikkeavaa<\/h4>\n\n\n\n<ul class=\"wp-block-list\"><li><strong>Prisma<\/strong>. Luo automaattisesti piirrosmaisia versioita valokuvista (ilmainen)<\/li><li><strong>Pixaloop<\/strong>. Voit luoda osittain animoituja valokuvia. (ilmainen)<\/li><li><strong>UNUM<\/strong>, Instagram-fiidin stailaamiseen. Riisuttu versio on ilmainen. Maksulliset versiot tarjoavat enemm\u00e4n ominaisuuksia. <\/li><li><strong>Hyperlapse<\/strong>. Nopeutettujen videoiden tekemiseen.<\/li><\/ul>\n\n\n\n<h4 class=\"wp-block-heading\">Tekstin ja kuvan yhdist\u00e4miseen, mainontaan<\/h4>\n\n\n\n<ul class=\"wp-block-list\"><li><strong>Ripl<\/strong>. Ilmaiseksi saatavana riisuttu versio. Luo animoituja tekstej\u00e4 kuviin ja videoihin. Maksullisessa versiossa enemm\u00e4n sis\u00e4lt\u00f6\u00e4.<\/li><li><strong>Canva<\/strong>. Ilmainen taitto-ohjelma netiss\u00e4. L\u00f6ytyy my\u00f6s mobiiliaplikaationa. <\/li><\/ul>\n\n\n\n<h4 class=\"wp-block-heading\">Muiden k\u00e4ytt\u00e4jien Instagram-kuvien julkaisuun<\/h4>\n\n\n\n<ul class=\"wp-block-list\"><li>Mik\u00e4 tahansa <strong>Instagram Repost<\/strong>-sovellus (l\u00f6yd\u00e4t ne sovelluskaupasta)<\/li><\/ul>\n\n\n\n<h4 class=\"wp-block-heading\">Instagram Reels<\/h4>\n\n\n\n<p><a href=\"https:\/\/www.youtube.com\/watch?v=fvm_CeEsFnE&amp;ab_channel=Techboomers\" target=\"_blank\" rel=\"noreferrer noopener\">Reels-vinkkej\u00e4 aloittelijoille<\/a><\/p>\n","protected":false},"excerpt":{"rendered":"<p>Hyvi\u00e4 apuv\u00e4lineit\u00e4: Kuvien editointiin Adobe Lightroom CC (riisuttu ilmaisversio sek\u00e4 maksullinen versio) Adobe Photoshop (riisuttu ilmaisversio sek\u00e4 maksullinen versio) Erilaiset kuvakollasien tekemisen mahdollistavat sovellukset, kuten esimerkiksi Layout (ilmainen) Lis\u00e4\u00e4 sovelluksia l\u00f6yd\u00e4t esimerkiksi t\u00e4lt\u00e4 listalta. Videoiden editointiin iMovie (Applen laitteille, ilmainen sovellus) Android-sovelluksia l\u00f6yd\u00e4t esimerkiksi t\u00e4lt\u00e4 listalta. Jotain tavallisuudesta poikkeavaa Prisma. Luo automaattisesti piirrosmaisia versioita valokuvista [&hellip;]<\/p>\n","protected":false},"author":1,"featured_media":0,"parent":0,"menu_order":0,"comment_status":"closed","ping_status":"closed","template":"","meta":{"footnotes":""},"class_list":["post-307","page","type-page","status-publish","hentry"],"_links":{"self":[{"href":"http:\/\/miiahuttu.nettihotelli.info\/wordpress\/wp-json\/wp\/v2\/pages\/307","targetHints":{"allow":["GET"]}}],"collection":[{"href":"http:\/\/miiahuttu.nettihotelli.info\/wordpress\/wp-json\/wp\/v2\/pages"}],"about":[{"href":"http:\/\/miiahuttu.nettihotelli.info\/wordpress\/wp-json\/wp\/v2\/types\/page"}],"author":[{"embeddable":true,"href":"http:\/\/miiahuttu.nettihotelli.info\/wordpress\/wp-json\/wp\/v2\/users\/1"}],"replies":[{"embeddable":true,"href":"http:\/\/miiahuttu.nettihotelli.info\/wordpress\/wp-json\/wp\/v2\/comments?post=307"}],"version-history":[{"count":19,"href":"http:\/\/miiahuttu.nettihotelli.info\/wordpress\/wp-json\/wp\/v2\/pages\/307\/revisions"}],"predecessor-version":[{"id":701,"href":"http:\/\/miiahuttu.nettihotelli.info\/wordpress\/wp-json\/wp\/v2\/pages\/307\/revisions\/701"}],"wp:attachment":[{"href":"http:\/\/miiahuttu.nettihotelli.info\/wordpress\/wp-json\/wp\/v2\/media?parent=307"}],"curies":[{"name":"wp","href":"https:\/\/api.w.org\/{rel}","templated":true}]}}