{"id":391,"date":"2019-05-07T19:15:31","date_gmt":"2019-05-07T17:15:31","guid":{"rendered":"http:\/\/miiahuttu.nettihotelli.info\/?page_id=391"},"modified":"2021-04-05T15:59:58","modified_gmt":"2021-04-05T13:59:58","slug":"tehtavat-gimp","status":"publish","type":"page","link":"http:\/\/miiahuttu.nettihotelli.info\/wordpress\/tehtavat-gimp\/","title":{"rendered":"Teht\u00e4v\u00e4t"},"content":{"rendered":"\n<h3 class=\"wp-block-heading\">TORSTAI<\/h3>\n\n\n\n<p>K\u00e4y ottamassa valokuvia Kiv\u00e4\u00e4ritehtaalla ja sen ymp\u00e4rist\u00f6ss\u00e4. <br>Voit kuvata sis\u00e4ll\u00e4 tai ulkona.<\/p>\n\n\n\n<ol class=\"wp-block-list\"><li>Ota arkkitehtuurikuva<\/li><li>Ota luontokuva<\/li><li>Ota k\u00e4sity\u00f6kuva<\/li><li>Ota tilannekuva<\/li><li>Ota taidekuva<\/li><\/ol>\n\n\n\n<p>Kun olet ottanut kuvat, parantele niit\u00e4 GIMPin avulla. Kokeile, milt\u00e4 luontokuva n\u00e4ytt\u00e4\u00e4, kun lis\u00e4\u00e4t v\u00e4rikyll\u00e4isyytt\u00e4. Pit\u00e4\u00e4k\u00f6 arkkitehtuurikuvaa suoristaa? Tarvitseeko joku kuva kenties enemm\u00e4n valoa?<\/p>\n\n\n\n<p>Palauta kuvat opettajalle s\u00e4hk\u00f6postilla ja kerro lyhyesti, mit\u00e4 olet millekin kuvalle tehnyt.<\/p>\n\n\n\n<div style=\"height:28px\" aria-hidden=\"true\" class=\"wp-block-spacer\"><\/div>\n\n\n\n<hr class=\"wp-block-separator\"\/>\n\n\n\n<h3 class=\"wp-block-heading\">PERJANTAI<\/h3>\n\n\n\n<p>Et\u00e4teht\u00e4v\u00e4:<br>Yhdist\u00e4 alla olevat kolme kuvaa nelj\u00e4nnen kuvan tyyppiseksi kuvamanipulaatioksi. Hy\u00f6dynn\u00e4 GIMPin ty\u00f6kaluja: tasot, kuvan skaalaus ja rajaus, kuvan l\u00e4pin\u00e4kyvyys, kuvan v\u00e4rien muokkaus (v\u00e4rin muuttaminen, saturaatio, kirkkaus jne.)<\/p>\n\n\n\n<p>Palauta oma kuvasi opettajan s\u00e4hk\u00f6postiin<strong>&nbsp;jpg-tiedostona, jonka leveys on 900 px, korkeus 600 px ja tarkkuus 72 dpi.&nbsp;<\/strong><\/p>\n\n\n\n<div style=\"height:46px\" aria-hidden=\"true\" class=\"wp-block-spacer\"><\/div>\n\n\n\n<style>\r\n\/*===== general options =========*\/\r\na {\r\n    box-shadow: none !important;\r\n}\r\n\r\n.view *, .album_categories *, .album_back_button *, #album_disabled_layer {\r\n    font-family: sans-serif, Arial, Verdana, Sylfaen !important;\r\n}\r\n\r\n#album_disabled_layer {\r\n    display: none;\r\n    position: absolute;\r\n    width: 100%;\r\n    height: 100%;\r\n    text-align: center;\r\n    background-color: transparent;\r\n    z-index: 10;\r\n    padding-top: 20px;\r\n    color: #fff;\r\n}\r\n\r\n#album_list_container {\r\n    position: relative;\r\n}\r\n\r\n\/* ====================== album onhover styles ==========================*\/\r\n\r\n#album_list .view {\r\n    -webkit-box-sizing: border-box;\r\n    -moz-box-sizing: border-box;\r\n    -o-box-sizing: border-box;\r\n    display: none;\r\n\r\n}\r\n\r\n.view .mask,\r\n.view .content {\r\n    width: 100%;\r\n    height: 100%;\r\n    position: absolute;\r\n    overflow: hidden;\r\n    top: 0;\r\n    left: 0;\r\n}\r\n\r\n.view h2 {\r\n    text-transform: uppercase;\r\n    color: #fff;\r\n    text-align: center;\r\n    position: relative;\r\n    font-size: 17px;\r\n    font-family: Raleway, serif;\r\n    padding: 10px;\r\n    \/*background: rgba(0, 0, 0, 0.8);*\/\r\n    margin: 20px 0 0 0;\r\n\r\n}\r\n\r\n.album_back_button a, .view a {\r\n    text-decoration: none !important;\r\n}\r\n\r\n.view p {\r\n    font-family: Merriweather, serif;\r\n    font-style: italic;\r\n    font-size: 14px;\r\n    position: relative;\r\n    color: #fff;\r\n    padding: 0px 20px 0px;\r\n    text-align: center;\r\n\r\n}\r\n\r\n.view a.info {\r\n    display: inline-block;\r\n    text-decoration: none;\r\n    font-size: 13px;\r\n    padding: 2px 14px;\r\n    margin-bottom: 3px;\r\n    background: #000;\r\n    color: #fff;\r\n    font-family: Raleway, serif;\r\n    text-transform: uppercase;\r\n    box-shadow: 0 0 1px #000\r\n}\r\n\r\n.mask-text h2 {\r\n    font-size: 20px !important;\r\n}\r\n\r\n.view a.info:hover {\r\n    box-shadow: 0 0 5px #000\r\n}\r\n\r\n.view .mask-bg {\r\n    height: 100%;\r\n}\r\n\r\n.view .album_social {\r\n    color: #fff;\r\n    position: absolute;\r\n    bottom: 3px;\r\n    left: 3px;\r\n    border: 1px solid #ffffff;\r\n    -webkit-border-radius: 3px;\r\n    -moz-border-radius: 3px;\r\n    border-radius: 3px;\r\n    padding: 3px 5px;\r\n\r\n}\r\n\r\n.view .album_social:active, .view .album_social:focus, .view .album_social:hover {\r\n    color: #ffffff;\r\n    outline: none;\r\n}\r\n\r\n\/*1*\/\r\n\r\n.view .info {\r\n    margin-top: 5px;\r\n}\r\n\r\n.view-first .mask {\r\n    opacity: 0;\r\n    background-color: rgba(0, 0, 0, 0.7);\r\n    transition: all 0.4s ease-in-out;\r\n\r\n}\r\n\r\n.view-first h2 {\r\n    transform: translateY(-100px);\r\n    opacity: 0;\r\n    font-family: Raleway, serif;\r\n    transition: all 0.2s ease-in-out;\r\n}\r\n\r\n.view-first p {\r\n    transform: translateY(100px);\r\n    opacity: 0;\r\n    transition: all 0.2s linear;\r\n}\r\n\r\n.view-first a.info {\r\n    opacity: 0;\r\n    transition: all 0.2s ease-in-out;\r\n}\r\n\r\n\/* *\/\r\n\r\n.view-first:hover img {\r\n    \/*transform: scale(1.1);*\/\r\n}\r\n\r\n.view-first:hover .mask {\r\n    opacity: 1;\r\n}\r\n\r\n.view-first:hover h2,\r\n.view-first:hover p,\r\n.view-first:hover a.info {\r\n    opacity: 1;\r\n    transform: translateY(0px);\r\n}\r\n\r\n.view-first:hover p {\r\n    transition-delay: 0.1s;\r\n}\r\n\r\n.view-first:hover a.info {\r\n    transition-delay: 0.2s;\r\n}\r\n\r\n\/*2*\/\r\n.view-second img {\r\n    -webkit-filter: grayscale(0) blur(0);\r\n    filter: grayscale(0) blur(0);\r\n    -webkit-transition: .3s ease-in-out;\r\n    transition: .3s ease-in-out;\r\n}\r\n\r\n.view-second .mask {\r\n    background-color: rgba(226, 200, 127, 0.2);\r\n    transition: all 0.5s linear;\r\n    opacity: 0;\r\n}\r\n\r\n.view-second h2 {\r\n    background: transparent;\r\n    margin: 20px 40px 0px 40px;\r\n    transform: scale(0);\r\n    color: #333;\r\n    transition: all 0.5s linear;\r\n    opacity: 0;\r\n}\r\n\r\n.view-second p {\r\n    opacity: 0;\r\n    transform: scale(0);\r\n    transition: all 0.5s linear;\r\n}\r\n\r\n.view-second a.info {\r\n    opacity: 0;\r\n    transform: scale(0);\r\n    transition: all 0.5s linear;\r\n}\r\n\r\n.view-second:hover img {\r\n    -webkit-filter: grayscale(100%) blur(3px);\r\n    filter: grayscale(100%) blur(3px);\r\n}\r\n\r\n.view-second:hover .mask {\r\n    opacity: 1;\r\n}\r\n\r\n.view-second:hover h2,\r\n.view-second:hover p,\r\n.view-second:hover a.info {\r\n    transform: scale(1);\r\n    opacity: 1;\r\n}\r\n\r\n.view-second img {\r\n    -webkit-filter: grayscale(0) blur(0);\r\n    filter: grayscale(0) blur(0);\r\n    -webkit-transition: .3s ease-in-out;\r\n    transition: .3s ease-in-out;\r\n}\r\n\r\n.view-second:hover img {\r\n    -webkit-filter: grayscale(100%) blur(3px);\r\n    filter: grayscale(100%) blur(3px);\r\n}\r\n\r\n\/*3*\/\r\n\r\n.view-third img {\r\n    transform: scaleY(1);\r\n    transition: all .7s ease-in-out;\r\n}\r\n\r\n.view-third a.info {\r\n    opacity: 0;\r\n    transform: scale(0);\r\n    transition: all 0.5s linear;\r\n}\r\n\r\n.view-third:hover img {\r\n    -webkit-transform: scale(10);\r\n    transform: scale(10);\r\n    opacity: 0;\r\n}\r\n\r\n.view-third:hover .mask {\r\n    opacity: 1;\r\n}\r\n\r\n.view-third:hover h2,\r\n.view-third:hover p,\r\n.view-third:hover a.info {\r\n    transform: scale(1);\r\n    opacity: 1;\r\n}\r\n\r\n\/* ==== view 4 ===*\/\r\n\r\n.view-forth-wrapper {\r\n    overflow: hidden;\r\n    position: relative !important;\r\n    height: 100%;\r\n    \/* cursor: pointer;*\/\r\n}\r\n\r\n.view-forth img {\r\n    max-width: 100%;\r\n    position: relative;\r\n    top: 0;\r\n    -webkit-transition: all 600ms cubic-bezier(0.645, 0.045, 0.355, 1);\r\n    transition: all 600ms cubic-bezier(0.645, 0.045, 0.355, 1);\r\n}\r\n\r\n.view-forth .mask {\r\n    position: absolute;\r\n    width: 100%;\r\n    \/*    height: 70px;*\/\r\n    \/*    bottom: -70px;*\/\r\n    height: 50%;\r\n    bottom: -50%;\r\n    -webkit-transition: all 300ms cubic-bezier(0.645, 0.045, 0.355, 1);\r\n    transition: all 300ms cubic-bezier(0.645, 0.045, 0.355, 1);\r\n    top: inherit;\r\n}\r\n\r\n.view-forth:hover .mask {\r\n    bottom: 0;\r\n}\r\n\r\n.view-forth:hover img {\r\n    top: -30px;\r\n}\r\n\r\n\/*==  view 5 ==*\/\r\n\r\n.view-fifth .view-fifth-wrapper,\r\n.view-fifth .view-fifth-wrapper img {\r\n    display: block;\r\n    position: relative;\r\n}\r\n\r\n.view-fifth .view-fifth-wrapper {\r\n    overflow: hidden;\r\n    height: 100%;\r\n}\r\n\r\n.view-fifth .view-fifth-wrapper .mask {\r\n    display: none;\r\n    position: absolute;\r\n    background: #333;\r\n    background: rgba(75, 75, 75, 0.7);\r\n    width: 100%;\r\n    height: 100%;\r\n}\r\n\r\n\/* ====================== album category styles ==========================*\/\r\n\r\n#filters {\r\n    margin: 1% 0;\r\n    padding: 0;\r\n    list-style: none;\r\n    list-style-type: none !important;\r\n\r\n}\r\n\r\n#filters li {\r\n    float: left;\r\n    list-style-type: none !important;\r\n}\r\n\r\n#filters li:first-child span {\r\n    margin-left: 0px;\r\n}\r\n\r\n#filters li span {\r\n    display: block;\r\n    text-decoration: none;\r\n    cursor: pointer;\r\n}\r\n\r\n.album_categories {\r\n    list-style-type: none;\r\n    margin: 0;\r\n    padding: 0;\r\n    overflow: hidden;\r\n    padding-top: 5px;\r\n}\r\n\r\n\/*=========  sharing buttons  ============*\/\r\n\r\n.album_socials {\r\n    position: relative;\r\n    top: 3px;\r\n    width: 100px;\r\n    height: 28px;\r\n    margin: 0 auto;\r\n}\r\n\r\n.album_socials .rwd-share-buttons {\r\n    top: 0px !important;\r\n    width: 100% !important;\r\n    margin: 0px !important;\r\n}\r\n\r\n.album_socials a {\r\n    text-decoration: underline !important;\r\n}\r\n\r\n.gallery_images, .album_image_place {\r\n    margin-top: 15px;\r\n    margin-top: 15px;\r\n}\r\n\r\n#rwd-share-facebook:hover {\r\n    background-position: 0 -31px !important;\r\n}\r\n\r\n#rwd-share-twitter:hover {\r\n    background-position: -31px 32px !important;\r\n}\r\n\r\n#rwd-share-googleplus:hover {\r\n    background-position: -66px -31px !important;\r\n}\r\n\r\n.rwd-share-buttons li, .rwd-share-buttons li a {\r\n    width: 26px !important;\r\n    border: 0px !important;\r\n}\r\n\r\n.rwd-share-buttons {\r\n    top: 0 !important;\r\n}\r\n\r\n.img_link_btn {\r\n    position: absolute;\r\n    z-index: 99999;\r\n    bottom: 0;\r\n    left: 0;\r\n    right: 0;\r\n    width: 100%;\r\n    padding: 8px;\r\n}\r\n\r\n.rwd-title {\r\n    padding: 10px 0px !important;\r\n}\r\n\r\n@media only screen and (max-width: 475px) {\r\n    .rwd-share-buttons {\r\n        top: -25px !important;\r\n    }\r\n\r\n    .rwd-title-text {\r\n        line-height: 15px;\r\n    }\r\n\r\n    .view, .view img {\r\n        height: auto !important;\r\n        max-height: 100% !important;\r\n    }\r\n}\r\n\r\n<\/style><div class=\"video_view9_cont_wrapper gallery-img-content\" id=\"video_view9_cont_wrapper3\"\r\n\t data-gallery-id=\"3\"\r\n\t data-content-per-page=\"5\"\r\n     data-rating-type=\"off\">\r\n\t<div id=\"video_view9_cont_list3\" class=\"video_view9_cont_list view-blog-style-gallery\">\r\n\t\t<input type=\"hidden\" id=\"total\" value=\"1\"\/>\r\n\t\t\t\t\t\t\t\t<div class=\"view9_container\">\r\n\t\t\t\t\t\t\t<input type=\"hidden\" class=\"pagenum\" value=\"1\"\/>\r\n\t\t\t\t\t\t\t<h1 class=\"new_view_title\">Kuva 1<\/h1>\r\n\t\t\t\t\t\t\t<div class=\"blog_img_wrapper\">\r\n\t\t\t\t\t\t\t\t<img decoding=\"async\" class=\"view9_img\" src=\"http:\/\/miiahuttu.nettihotelli.info\/wordpress\/wp-content\/uploads\/2018\/04\/nainen-penkilla.jpg\">\r\n\t\t\t\t\t\t\t\t\t\t\t\t\t\t\t<\/div>\r\n\t\t\t\t\t\t\t<div class=\"new_view_desc\"><\/div>\r\n\t\t\t\t\t\t\t\t\t\t\t\t\t<\/div>\r\n\t\t\t\t\t\t<div class=\"clear\"><\/div>\r\n\t\t\t\t\t\t\t\t\t\t\t\t<div class=\"view9_container\">\r\n\t\t\t\t\t\t\t<input type=\"hidden\" class=\"pagenum\" value=\"1\"\/>\r\n\t\t\t\t\t\t\t<h1 class=\"new_view_title\">Kuva 2<\/h1>\r\n\t\t\t\t\t\t\t<div class=\"blog_img_wrapper\">\r\n\t\t\t\t\t\t\t\t<img decoding=\"async\" class=\"view9_img\" src=\"http:\/\/miiahuttu.nettihotelli.info\/wordpress\/wp-content\/uploads\/2018\/04\/linnut.jpg\">\r\n\t\t\t\t\t\t\t\t\t\t\t\t\t\t\t<\/div>\r\n\t\t\t\t\t\t\t<div class=\"new_view_desc\"><\/div>\r\n\t\t\t\t\t\t\t\t\t\t\t\t\t<\/div>\r\n\t\t\t\t\t\t<div class=\"clear\"><\/div>\r\n\t\t\t\t\t\t\t\t\t\t\t\t<div class=\"view9_container\">\r\n\t\t\t\t\t\t\t<input type=\"hidden\" class=\"pagenum\" value=\"1\"\/>\r\n\t\t\t\t\t\t\t<h1 class=\"new_view_title\">Kuva 3<\/h1>\r\n\t\t\t\t\t\t\t<div class=\"blog_img_wrapper\">\r\n\t\t\t\t\t\t\t\t<img decoding=\"async\" class=\"view9_img\" src=\"http:\/\/miiahuttu.nettihotelli.info\/wordpress\/wp-content\/uploads\/2018\/04\/talvimaisema.jpg\">\r\n\t\t\t\t\t\t\t\t\t\t\t\t\t\t\t<\/div>\r\n\t\t\t\t\t\t\t<div class=\"new_view_desc\"><\/div>\r\n\t\t\t\t\t\t\t\t\t\t\t\t\t<\/div>\r\n\t\t\t\t\t\t<div class=\"clear\"><\/div>\r\n\t\t\t\t\t\t\t\t\t\t\t\t<div class=\"view9_container\">\r\n\t\t\t\t\t\t\t<input type=\"hidden\" class=\"pagenum\" value=\"1\"\/>\r\n\t\t\t\t\t\t\t<h1 class=\"new_view_title\">Valmis kuvakollaasi - tee oma versiosi!<\/h1>\r\n\t\t\t\t\t\t\t<div class=\"blog_img_wrapper\">\r\n\t\t\t\t\t\t\t\t<img decoding=\"async\" class=\"view9_img\" src=\"http:\/\/miiahuttu.nettihotelli.info\/wordpress\/wp-content\/uploads\/2018\/04\/Etatehtava_valmis-900px-1.jpg\">\r\n\t\t\t\t\t\t\t\t\t\t\t\t\t\t\t<\/div>\r\n\t\t\t\t\t\t\t<div class=\"new_view_desc\"><\/div>\r\n\t\t\t\t\t\t\t\t\t\t\t\t\t<\/div>\r\n\t\t\t\t\t\t<div class=\"clear\"><\/div>\r\n\t\t\t\t\t\t\t<\/div>\r\n\t<\/div><style>\r\n.view9_container:nth-last-child(3){\r\n    margin-bottom: 0 !important;\r\n    padding-bottom: 0 !important;\r\n    border:none !important;\r\n}\r\n.view9_container{\r\n    width: 100%;\r\n    float:none;\r\nmargin:-27px auto;;\r\n    margin-bottom: 0px !important;\r\n    padding-bottom: 44px !important;\r\n    border-bottom:  0px\r\n    dotted #010457;\r\n}\r\n.iframe_cont{\r\n    position: relative;\r\n    width: 100%;\r\n    height: 0;\r\n    padding-bottom: 56.25%;\r\n}\r\n.view9_img{\r\n    display:block;\r\n    margin: 0 auto;\r\n    width: 100%\r\n}\r\n.new_view_title{\r\n    font-size:18px !important;\r\n    color:#FFFFFF !important;\r\n;\r\ntext-align:left;;\r\n    padding-left:5px;\r\n    background: rgba(0,0,0,0.7)  !important;\r\n}\r\n.new_view_desc ul{\r\n    list-style-type: none;\r\n}\r\n.new_view_desc{\r\n    margin-top: 15px;\r\n    font-size:14px !important;\r\n    color:#000000 !important;\r\n;\r\ntext-align:justify;;\r\n    background: rgba(255,255,255,1)  !important;\r\n}\r\n.video_blog_view{\r\n    position: absolute;\r\n    top: 0;\r\n    left: 0;\r\n    width: 100%;\r\n    height: 100%;\r\n}\r\n.paginate{\r\n    font-size:22px !important;\r\n    color:#1046B3 !important;\r\n    text-align: center;\r\n}\r\n.paginate a{\r\n    border-bottom: none !important;\r\n}\r\n.icon-style{\r\n    font-size: 18px !important;\r\n    color:#1046B3 !important;;\r\n}\r\n.load_more {\r\n    margin: 10px 0;\r\n    position:relative;\r\n    text-align:center;\r\n    width:100%;\r\n}\r\n.load_more_button {\r\n    border-radius: 10px;\r\n    display:inline-block;\r\n    padding:5px 15px;\r\n    font-size:19px !important;\r\n    color:# !important;\r\n    background:#5CADFF !important;\r\n    cursor:pointer;\r\n}\r\n.load_more_button:hover{\r\n    color:#D9D9D9 !important;\r\n    background:#8F827C !important;\r\n}\r\n.loading {\r\n    display:none;\r\n}\r\n.clear{\r\n    clear:both;\r\n}\r\n.blog_img_wrapper{\r\n    position: relative;\r\n}\r\n<\/style>\n\n\n\n<hr class=\"wp-block-separator\"\/>\n\n\n\n<h3 class=\"wp-block-heading\">LIS\u00c4TEHT\u00c4V\u00c4<\/h3>\n\n\n\n<p>Tee surrealistinen kuvakollaasi yhdistelem\u00e4ll\u00e4 erilaisia kuvia yhdeksi kokonaisuudeksi. Katso valmiiksi kokoamiani ideoita alta tai selaa itse Pinteresti\u00e4. <\/p>\n\n\n\n<p>Voit k\u00e4ytt\u00e4\u00e4 omia kuviasi tai ladata niit\u00e4 ilmaisista kuvapankeista, kuten <a rel=\"noreferrer noopener\" href=\"http:\/\/pixabay.com\" data-type=\"URL\" data-id=\"pixabay.com\" target=\"_blank\">Pixabay<\/a> ja <a rel=\"noreferrer noopener\" href=\"http:\/\/pexels.com\" data-type=\"URL\" data-id=\"pexels.com\" target=\"_blank\">Pexels<\/a>.<\/p>\n\n\n<div><a href=\"https:\/\/fi.pinterest.com\/miiahuttu\/ideoita-kuvank%C3%A4sittely-kurssille\/\" data-pin-scale-height=\"240\" data-pin-scale-width=\"80\" data-pin-do=\"embedBoard\"><\/a><\/div>","protected":false},"excerpt":{"rendered":"<p>TORSTAI K\u00e4y ottamassa valokuvia Kiv\u00e4\u00e4ritehtaalla ja sen ymp\u00e4rist\u00f6ss\u00e4. Voit kuvata sis\u00e4ll\u00e4 tai ulkona. Ota arkkitehtuurikuva Ota luontokuva Ota k\u00e4sity\u00f6kuva Ota tilannekuva Ota taidekuva Kun olet ottanut kuvat, parantele niit\u00e4 GIMPin avulla. Kokeile, milt\u00e4 luontokuva n\u00e4ytt\u00e4\u00e4, kun lis\u00e4\u00e4t v\u00e4rikyll\u00e4isyytt\u00e4. Pit\u00e4\u00e4k\u00f6 arkkitehtuurikuvaa suoristaa? Tarvitseeko joku kuva kenties enemm\u00e4n valoa? Palauta kuvat opettajalle s\u00e4hk\u00f6postilla ja kerro lyhyesti, mit\u00e4 [&hellip;]<\/p>\n","protected":false},"author":1,"featured_media":0,"parent":0,"menu_order":0,"comment_status":"closed","ping_status":"closed","template":"","meta":{"footnotes":""},"class_list":["post-391","page","type-page","status-publish","hentry"],"_links":{"self":[{"href":"http:\/\/miiahuttu.nettihotelli.info\/wordpress\/wp-json\/wp\/v2\/pages\/391","targetHints":{"allow":["GET"]}}],"collection":[{"href":"http:\/\/miiahuttu.nettihotelli.info\/wordpress\/wp-json\/wp\/v2\/pages"}],"about":[{"href":"http:\/\/miiahuttu.nettihotelli.info\/wordpress\/wp-json\/wp\/v2\/types\/page"}],"author":[{"embeddable":true,"href":"http:\/\/miiahuttu.nettihotelli.info\/wordpress\/wp-json\/wp\/v2\/users\/1"}],"replies":[{"embeddable":true,"href":"http:\/\/miiahuttu.nettihotelli.info\/wordpress\/wp-json\/wp\/v2\/comments?post=391"}],"version-history":[{"count":13,"href":"http:\/\/miiahuttu.nettihotelli.info\/wordpress\/wp-json\/wp\/v2\/pages\/391\/revisions"}],"predecessor-version":[{"id":690,"href":"http:\/\/miiahuttu.nettihotelli.info\/wordpress\/wp-json\/wp\/v2\/pages\/391\/revisions\/690"}],"wp:attachment":[{"href":"http:\/\/miiahuttu.nettihotelli.info\/wordpress\/wp-json\/wp\/v2\/media?parent=391"}],"curies":[{"name":"wp","href":"https:\/\/api.w.org\/{rel}","templated":true}]}}