{"id":447,"date":"2019-10-06T17:15:44","date_gmt":"2019-10-06T15:15:44","guid":{"rendered":"http:\/\/miiahuttu.nettihotelli.info\/?page_id=447"},"modified":"2021-05-03T11:35:56","modified_gmt":"2021-05-03T09:35:56","slug":"some-tehtavat","status":"publish","type":"page","link":"http:\/\/miiahuttu.nettihotelli.info\/wordpress\/some-tehtavat\/","title":{"rendered":"Some-markkinointi \u2013 teht\u00e4v\u00e4t"},"content":{"rendered":"\n<p><a rel=\"noreferrer noopener\" href=\"http:\/\/miiahuttu.nettihotelli.info\/wordpress\/wp-content\/uploads\/2020\/04\/Some-markkinointi-2020.pdf\" target=\"_blank\">SOME-markkinointi<\/a>-materiaalit<\/p>\n\n\n\n<hr class=\"wp-block-separator\"\/>\n\n\n\n<p>Sinulla on joko oikea tai kuvitteellinen k\u00e4sity\u00f6alan yritys. Vastaa ensin kohtien A ja B kysymyksiin. Tee sen j\u00e4lkeen kohta C.<\/p>\n\n\n\n<p><strong>A ) Mitk\u00e4 ovat sosiaalisen median markkinoinnin tavoitteeni?<\/strong><br> Yleisimpi\u00e4 tavoitteita ovat esimerkiksi:<br> \u2022 Liikenteen ohjaaminen yrityksen verkkosivuille tai verkkokauppaan<br> \u2022 Yrityksen\/br\u00e4ndin tunnettavuuden lis\u00e4\u00e4minen<br> \u2022 Positiivisten mielikuvien luominen ihmisille<br> \u2022 Asiakkaiden sitouttaminen yrityksen toimintaan<br> \u2022 Vuorovaikutuksen kasvattaminen asiakkaiden kanssa<\/p>\n\n\n\n<p><strong>B ) Mik\u00e4 sosiaalisen median kanava sopii parhaiten markkinointitavoitteideni toteuttamiseen ja miksi?<\/strong><\/p>\n\n\n\n<p><strong>C ) Luo <a rel=\"noreferrer noopener\" href=\"https:\/\/www.canva.com\/\" target=\"_blank\">Canvassa<\/a> yrityksellesi markkinointiviesti<\/strong> valitsemaasi sosiaalisen median kanavaan (esimerkiksi Instagram-kuva). K\u00e4yt\u00e4 apuna edellisell\u00e4 kurssilla luomaasi br\u00e4ndi-ilmett\u00e4 tai luo uusi.<\/p>\n\n\n\n<div style=\"height:32px\" aria-hidden=\"true\" class=\"wp-block-spacer\"><\/div>\n\n\n\n<hr class=\"wp-block-separator\"\/>\n\n\n\n<p><\/p>\n","protected":false},"excerpt":{"rendered":"<p>SOME-markkinointi-materiaalit Sinulla on joko oikea tai kuvitteellinen k\u00e4sity\u00f6alan yritys. Vastaa ensin kohtien A ja B kysymyksiin. Tee sen j\u00e4lkeen kohta C. A ) Mitk\u00e4 ovat sosiaalisen median markkinoinnin tavoitteeni? Yleisimpi\u00e4 tavoitteita ovat esimerkiksi: \u2022 Liikenteen ohjaaminen yrityksen verkkosivuille tai verkkokauppaan \u2022 Yrityksen\/br\u00e4ndin tunnettavuuden lis\u00e4\u00e4minen \u2022 Positiivisten mielikuvien luominen ihmisille \u2022 Asiakkaiden sitouttaminen yrityksen toimintaan \u2022 [&hellip;]<\/p>\n","protected":false},"author":1,"featured_media":0,"parent":0,"menu_order":0,"comment_status":"closed","ping_status":"closed","template":"","meta":{"footnotes":""},"class_list":["post-447","page","type-page","status-publish","hentry"],"_links":{"self":[{"href":"http:\/\/miiahuttu.nettihotelli.info\/wordpress\/wp-json\/wp\/v2\/pages\/447","targetHints":{"allow":["GET"]}}],"collection":[{"href":"http:\/\/miiahuttu.nettihotelli.info\/wordpress\/wp-json\/wp\/v2\/pages"}],"about":[{"href":"http:\/\/miiahuttu.nettihotelli.info\/wordpress\/wp-json\/wp\/v2\/types\/page"}],"author":[{"embeddable":true,"href":"http:\/\/miiahuttu.nettihotelli.info\/wordpress\/wp-json\/wp\/v2\/users\/1"}],"replies":[{"embeddable":true,"href":"http:\/\/miiahuttu.nettihotelli.info\/wordpress\/wp-json\/wp\/v2\/comments?post=447"}],"version-history":[{"count":21,"href":"http:\/\/miiahuttu.nettihotelli.info\/wordpress\/wp-json\/wp\/v2\/pages\/447\/revisions"}],"predecessor-version":[{"id":713,"href":"http:\/\/miiahuttu.nettihotelli.info\/wordpress\/wp-json\/wp\/v2\/pages\/447\/revisions\/713"}],"wp:attachment":[{"href":"http:\/\/miiahuttu.nettihotelli.info\/wordpress\/wp-json\/wp\/v2\/media?parent=447"}],"curies":[{"name":"wp","href":"https:\/\/api.w.org\/{rel}","templated":true}]}}