{"id":505,"date":"2019-10-24T19:28:06","date_gmt":"2019-10-24T17:28:06","guid":{"rendered":"http:\/\/miiahuttu.nettihotelli.info\/?page_id=505"},"modified":"2021-05-03T11:33:13","modified_gmt":"2021-05-03T09:33:13","slug":"markkinointistrategia","status":"publish","type":"page","link":"http:\/\/miiahuttu.nettihotelli.info\/wordpress\/markkinointistrategia\/","title":{"rendered":"Mik\u00e4 on markkinointistrategia?"},"content":{"rendered":"\n<h5 class=\"wp-block-heading\">Markkinointistrategia vastaa seuraaviin kysymyksiin:<\/h5>\n\n\n\n<h3 class=\"wp-block-heading\">Miksi?<\/h3>\n\n\n\n<p>Tavoitteet: miksi markkinoit? <\/p>\n\n\n\n<ul class=\"wp-block-list\"><li>lis\u00e4\u00e4 myynti\u00e4<\/li><li>tunnettuuden lis\u00e4\u00e4minen<\/li><li>br\u00e4ndikuvan vahvistaminen<\/li><li>voit asettaa my\u00f6s konkreettisia, mitattavia tavoitteita<\/li><\/ul>\n\n\n\n<h3 class=\"wp-block-heading\">Kenelle?<\/h3>\n\n\n\n<p>Keit\u00e4 haluat tavoittaa?<\/p>\n\n\n\n<ul class=\"wp-block-list\"><li>ik\u00e4, sukupuoli, asuinpaikka, kulutusk\u00e4ytt\u00e4ytyminen?<\/li><li>mik\u00e4 n\u00e4it\u00e4 ihmisi\u00e4 kiinnostaa?<\/li><li>mit\u00e4 kanavia he seuraavat?<\/li><\/ul>\n\n\n\n<h3 class=\"wp-block-heading\">Miss\u00e4?<\/h3>\n\n\n\n<p>Tavoitteet m\u00e4\u00e4rittelev\u00e4t kohderyhm\u00e4t, kohderyhm\u00e4t m\u00e4\u00e4rittelev\u00e4t kanavavalinnat.<\/p>\n\n\n\n<ul class=\"wp-block-list\"><li>mit\u00e4 sosiaalisen median kanavia tavoiteltavat kuluttajat k\u00e4ytt\u00e4v\u00e4t?<\/li><li>k\u00e4ytt\u00e4v\u00e4tk\u00f6 he muita viestint\u00e4kanavia? Sanomalehdet, radio, televisio?<\/li><\/ul>\n\n\n\n<h3 class=\"wp-block-heading\">Mit\u00e4?<\/h3>\n\n\n\n<p>Kohderyhm\u00e4t ja valitut kanavat m\u00e4\u00e4rittelev\u00e4t sis\u00e4ll\u00f6n.<\/p>\n\n\n\n<ul class=\"wp-block-list\"><li>millaista sis\u00e4lt\u00f6\u00e4 tavoittelemasi kuluttaja haluaa saada? Mik\u00e4 tuo h\u00e4nelle iloa?<\/li><li>mitk\u00e4 ovat valittujen kanavien toimintatavat ja -mallit?<\/li><li>millaista sis\u00e4lt\u00f6\u00e4 pystyt tuottamaan? Tarvitsetko apua?<\/li><li>miten luomasi sis\u00e4lt\u00f6 tukee alussa m\u00e4\u00e4riteltyj\u00e4 tavoitteita?<\/li><li>miten luomasi sis\u00e4lt\u00f6 ohjaa kuluttajia siihen suuntaan, johon haluat heid\u00e4n ohjautuvan? Esim. osallistumaan kilpailuun, tulemaan tapahtumaan jne.<\/li><\/ul>\n\n\n\n<h3 class=\"wp-block-heading\">Milloin?<\/h3>\n\n\n\n<p>Sis\u00e4ll\u00f6n julkaisuaikataulu riippuu yll\u00e4pit\u00e4jist\u00e4, tavoitellusta yleis\u00f6st\u00e4 ja kanavavalinnoista.<\/p>\n\n\n\n<ul class=\"wp-block-list\"><li>mihin aikaan juuri oikeat ihmiset todenn\u00e4k\u00f6isesti liikkuvat valitsemillasi kanavilla?<\/li><li>mihin aikaan he haluavat lukea heille jaettavaksi suunniteltua sis\u00e4lt\u00f6\u00e4?<\/li><li>pystytk\u00f6 olemaan l\u00e4sn\u00e4 silloin kun asiakkaasi ovat somessa?<\/li><li>julkaisukalenteri helpottaa sek\u00e4 viikoittaista ett\u00e4 koko vuoden sis\u00e4lt\u00f6suunnittelua<\/li><\/ul>\n\n\n\n<h3 class=\"wp-block-heading\">Kuka?<\/h3>\n\n\n\n<p>Kuka kantaa yll\u00e4pitovastuun?<\/p>\n\n\n\n<ul class=\"wp-block-list\"><li>Kuka toimii sis\u00e4ll\u00f6ntuottajina ja kanavien yll\u00e4pit\u00e4jin\u00e4?<\/li><li>Kuka vastaa viesteihin ja kommentteihin?<\/li><\/ul>\n\n\n\n<h3 class=\"wp-block-heading\">Analysointi<\/h3>\n\n\n\n<p>Analysoi markkinoinnin onnistumista.<\/p>\n\n\n\n<ul class=\"wp-block-list\"><li>onko markkinointi tuottanut haluttua tulosta? <\/li><li>oletko saanut somessa tykk\u00e4yksi\u00e4?<\/li><li>ovatko ihmiset l\u00f6yt\u00e4neet arvontoihin, tapahtumiin, verkkokauppaan?<\/li><li>p\u00e4\u00e4ttele, miksi toiset asiat ovat ker\u00e4nneet enemm\u00e4n huomiota kuin toiset ja kehit\u00e4 sis\u00e4lt\u00f6j\u00e4 enemm\u00e4n onnistuneiden sis\u00e4lt\u00f6jen suuntaan<\/li><\/ul>\n\n\n\n<h3 class=\"wp-block-heading\">Kehitt\u00e4minen<\/h3>\n\n\n\n<p>Analyysin pohjalta voit kehitt\u00e4\u00e4 markkinointia onnistuneempaan suuntaan.<\/p>\n\n\n\n<ul class=\"wp-block-list\"><li>iloitse onnistumisista ja jatka toimivia toimintamalleja<\/li><li>tunnista kehitt\u00e4miskohteet: miksi julkaisu tai mainos ei ole toiminut halutulla tavalla, oliko kohderyhm\u00e4\/ajankohta\/sis\u00e4lt\u00f6 v\u00e4\u00e4r\u00e4?<\/li><\/ul>\n","protected":false},"excerpt":{"rendered":"<p>Markkinointistrategia vastaa seuraaviin kysymyksiin: Miksi? Tavoitteet: miksi markkinoit? lis\u00e4\u00e4 myynti\u00e4 tunnettuuden lis\u00e4\u00e4minen br\u00e4ndikuvan vahvistaminen voit asettaa my\u00f6s konkreettisia, mitattavia tavoitteita Kenelle? Keit\u00e4 haluat tavoittaa? ik\u00e4, sukupuoli, asuinpaikka, kulutusk\u00e4ytt\u00e4ytyminen? mik\u00e4 n\u00e4it\u00e4 ihmisi\u00e4 kiinnostaa? mit\u00e4 kanavia he seuraavat? Miss\u00e4? Tavoitteet m\u00e4\u00e4rittelev\u00e4t kohderyhm\u00e4t, kohderyhm\u00e4t m\u00e4\u00e4rittelev\u00e4t kanavavalinnat. mit\u00e4 sosiaalisen median kanavia tavoiteltavat kuluttajat k\u00e4ytt\u00e4v\u00e4t? k\u00e4ytt\u00e4v\u00e4tk\u00f6 he muita viestint\u00e4kanavia? Sanomalehdet, [&hellip;]<\/p>\n","protected":false},"author":1,"featured_media":0,"parent":0,"menu_order":0,"comment_status":"closed","ping_status":"closed","template":"","meta":{"footnotes":""},"class_list":["post-505","page","type-page","status-publish","hentry"],"_links":{"self":[{"href":"http:\/\/miiahuttu.nettihotelli.info\/wordpress\/wp-json\/wp\/v2\/pages\/505","targetHints":{"allow":["GET"]}}],"collection":[{"href":"http:\/\/miiahuttu.nettihotelli.info\/wordpress\/wp-json\/wp\/v2\/pages"}],"about":[{"href":"http:\/\/miiahuttu.nettihotelli.info\/wordpress\/wp-json\/wp\/v2\/types\/page"}],"author":[{"embeddable":true,"href":"http:\/\/miiahuttu.nettihotelli.info\/wordpress\/wp-json\/wp\/v2\/users\/1"}],"replies":[{"embeddable":true,"href":"http:\/\/miiahuttu.nettihotelli.info\/wordpress\/wp-json\/wp\/v2\/comments?post=505"}],"version-history":[{"count":3,"href":"http:\/\/miiahuttu.nettihotelli.info\/wordpress\/wp-json\/wp\/v2\/pages\/505\/revisions"}],"predecessor-version":[{"id":716,"href":"http:\/\/miiahuttu.nettihotelli.info\/wordpress\/wp-json\/wp\/v2\/pages\/505\/revisions\/716"}],"wp:attachment":[{"href":"http:\/\/miiahuttu.nettihotelli.info\/wordpress\/wp-json\/wp\/v2\/media?parent=505"}],"curies":[{"name":"wp","href":"https:\/\/api.w.org\/{rel}","templated":true}]}}