{"id":519,"date":"2020-04-04T11:18:30","date_gmt":"2020-04-04T09:18:30","guid":{"rendered":"http:\/\/miiahuttu.nettihotelli.info\/?page_id=519"},"modified":"2021-05-08T08:21:39","modified_gmt":"2021-05-08T06:21:39","slug":"markkinointi-ja-viestinta-2","status":"publish","type":"page","link":"http:\/\/miiahuttu.nettihotelli.info\/wordpress\/markkinointi-ja-viestinta-2\/","title":{"rendered":"Markkinointi ja viestint\u00e4"},"content":{"rendered":"\n<p><a href=\"https:\/\/www.canva.com\/design\/DAEdt92lXFU\/8M3MaKYhTo1FrfddQU3lJg\/view?utm_content=DAEdt92lXFU&amp;utm_campaign=designshare&amp;utm_medium=link&amp;utm_source=publishsharelink\" target=\"_blank\" rel=\"noreferrer noopener\">Esitys markkinointistrategiasta<\/a><\/p>\n\n\n\n<h3 class=\"wp-block-heading\">Teht\u00e4v\u00e4 1.  Markkinointistrategia<\/h3>\n\n\n\n<p>Sinulla on joko oikea tai kuvitteellinen <strong>k\u00e4sity\u00f6alan yritys<\/strong>. Keksi yrityksellesi nimi, mik\u00e4li sill\u00e4 ei jo ole sellaista. <\/p>\n\n\n\n<p><strong>Tee yrityksellesi <a href=\"http:\/\/miiahuttu.nettihotelli.info\/wordpress\/markkinointistrategia\/\" data-type=\"page\" data-id=\"505\">markkinointistrategia<\/a><\/strong>. Markkinointistrategiassa tulisi olla seuraavat kohdat:<\/p>\n\n\n\n<ul class=\"wp-block-list\"><li>Tavoitteet: Miksi markkinoit?<\/li><li>Kohderyhm\u00e4: Keit\u00e4 haluat tavoittaa?<\/li><li>Valitut markkinointikanavat (some, radio, sanomalehti-ilmoitus?). Miksi n\u00e4m\u00e4?<\/li><li>Millaista sis\u00e4lt\u00f6\u00e4 aiot tuottaa? Anna esimerkkej\u00e4.<\/li><li>Mieti aikataulua. Hahmottele julkaisukalenteri. Min\u00e4 p\u00e4iv\u00e4n\u00e4 viikosta aiot julkaista someen? Ent\u00e4 muihin medioihin? Huomioitko juhlapyh\u00e4t?<\/li><li>Kuka markkinoi? Tarvitsetko apua vai teetk\u00f6 itse?<\/li><\/ul>\n\n\n\n<p>Voit kirjoittaa markkinointistrategian esimerkiksi <em>Wordiss\u00e4<\/em>. <\/p>\n\n\n\n<hr class=\"wp-block-separator\"\/>\n\n\n\n<h3 class=\"wp-block-heading\">Teht\u00e4v\u00e4 2.  Markkinointiviestien luominen<\/h3>\n\n\n\n<p><strong>Tee itsellesi tili <a rel=\"noreferrer noopener\" href=\"https:\/\/canva.com\" target=\"_blank\">canva.com<\/a>-sivustolle.<\/strong> Canva toimii nettiselaimessa (esim. Chrome). Sit\u00e4 ei tarvitse asentaa tietokoneelle. Canvasta on olemassa my\u00f6s mobiilisovellus tabletille tai \u00e4lypuhelimelle. Katso ohjeet tilin tekemiseen alla olevalta videolta.<\/p>\n\n\n\n<h4 class=\"wp-block-heading\"><strong>Luo&nbsp;Canvassa yrityksellesi <\/strong>seuraavat markkinointiviestit:<\/h4>\n\n\n\n<ul class=\"wp-block-list\"><li><strong>Lehti-ilmoitus<\/strong> Keski-Suomalainen-sanomalehteen. Keksi yrityksellesi naseva iskulause! Muista laittaa ilmoitukseen osoite ja muut t\u00e4rke\u00e4t yhteystiedot. Tee Canvassa tyhj\u00e4 suunnittelupohja, koko millimetrein\u00e4, tallenna valmis ilmoitus ilman leikkausmerkkej\u00e4 Print PDF-tiedostona.<br>Keskisuomalaisen mediakortti, josta l\u00f6yd\u00e4t ilmoitusten koot millimetrein\u00e4:<a href=\"https:\/\/mediamyynti.keskisuomenmedia.fi\/wp-content\/uploads\/sites\/2\/2021\/01\/KSML_Mediakortti_2021low-1.pdf\" target=\"_blank\" rel=\"noreferrer noopener\">\u00a0https:\/\/mediamyynti.keskisuomenmedia.fi\/wp-content\/uploads\/sites\/2\/2021\/01\/KSML_Mediakortti_2021low-1.pdf<\/a><\/li><li><strong>Tapahtumajuliste<\/strong> esim. myyj\u00e4istapahtumalle tai muulle tapahtumalle. Mit\u00e4 tapahtuu, miss\u00e4, milloin, mit\u00e4 maksaa? Luo Canvassa tyhj\u00e4 suunnittelupohja tai k\u00e4yt\u00e4 valmista julistepohjaa, koko millimetrein\u00e4, Tallenna Print PDF ja lis\u00e4\u00e4 leikkausmerkit.<\/li><li><strong>Digitaalinen mainos Facebookiin<\/strong>. Markkinoi jotakin tuotettasi Facebookissa. K\u00e4yt\u00e4 valmista Facebook-mainospohjaa, koko pikselein\u00e4, tallennus PNG- tai JPG-kuvana. <\/li><li><strong>Instagram-stoori.<\/strong> Tee yrityksellesi vet\u00e4v\u00e4 instastoori. Jos et tied\u00e4, mik\u00e4 instastoori on, katso pikaopastus <a rel=\"noreferrer noopener\" href=\"https:\/\/www.verke.org\/material\/instagram-storyn-perusteet\/\" target=\"_blank\">t\u00e4\u00e4lt\u00e4<\/a>. Jos sinulla on puhelimessa Instagram-sovellus, voit tehd\u00e4 stoorin Instagramissa ja tallentaa sen puhelimeen. Toinen vaihtoehto on k\u00e4ytt\u00e4\u00e4 Canvan Instagram-story-pohjaa. Instastooreihin voit liitt\u00e4\u00e4 my\u00f6s videota, animaatiota ja \u00e4\u00e4nt\u00e4. Tallenna JPG- tai PNG-kuvana (videotiedostot MP4-tiedostona). <\/li><li><strong>S\u00e4hk\u00f6postitse l\u00e4hetett\u00e4v\u00e4 PDF<\/strong>. Pit\u00e4\u00e4k\u00f6 yrityksesi kanta-asiakastilaisuuden, johon olet tehnyt kutsun vai onko kyseess\u00e4 kenties uusi hinnasto, jonka haluat jakaa asiakkaille? Tee Canvassa haluamasi sis\u00e4lt\u00f6. Koko on vapaa. Voit k\u00e4ytt\u00e4\u00e4 valmiita pohjia tai aloittaa puhtaalta p\u00f6yd\u00e4lt\u00e4. Tallenna Standard PDF -tiedostona.<\/li><\/ul>\n\n\n\n<hr class=\"wp-block-separator\"\/>\n\n\n\n<p><strong>Olen tehnyt tutoriaalin Canva-ohjelman k\u00e4yt\u00f6st\u00e4 YouTubeen.  <\/strong><br>Se on kahdessa osassa. P\u00e4\u00e4set ensimm\u00e4iseen osaan alla olevan videon kautta tai t\u00e4st\u00e4 suorasta linkist\u00e4: <a href=\"https:\/\/www.youtube.com\/watch?v=Q0MzF_zfTQo&amp;t=3s\">https:\/\/www.youtube.com\/watch?v=Q0MzF_zfTQo&amp;t=3s<\/a><br>Voit palata videoon, kun tarvitset apuja teht\u00e4v\u00e4n tekemisess\u00e4. Molempien videoiden alla olevaan kuvaukseen on merkitty <em>aika-tagit<\/em>, joiden avulla l\u00f6yd\u00e4t oikean kohdan (n\u00e4kyv\u00e4t vain YouTuben sivulla, eiv\u00e4t t\u00e4ss\u00e4 alla).<\/p>\n\n\n\n<figure class=\"wp-block-embed is-type-video is-provider-youtube wp-block-embed-youtube wp-embed-aspect-4-3 wp-has-aspect-ratio\"><div class=\"wp-block-embed__wrapper\">\n<iframe loading=\"lazy\" title=\"Canva-tutorial OSA 1\" width=\"900\" height=\"675\" src=\"https:\/\/www.youtube.com\/embed\/Q0MzF_zfTQo?start=3&#038;feature=oembed\" frameborder=\"0\" allow=\"accelerometer; autoplay; clipboard-write; encrypted-media; gyroscope; picture-in-picture\" allowfullscreen><\/iframe>\n<\/div><\/figure>\n\n\n\n<div style=\"height:33px\" aria-hidden=\"true\" class=\"wp-block-spacer\"><\/div>\n\n\n\n<p><\/p>\n","protected":false},"excerpt":{"rendered":"<p>Esitys markkinointistrategiasta Teht\u00e4v\u00e4 1. Markkinointistrategia Sinulla on joko oikea tai kuvitteellinen k\u00e4sity\u00f6alan yritys. Keksi yrityksellesi nimi, mik\u00e4li sill\u00e4 ei jo ole sellaista. Tee yrityksellesi markkinointistrategia. Markkinointistrategiassa tulisi olla seuraavat kohdat: Tavoitteet: Miksi markkinoit? Kohderyhm\u00e4: Keit\u00e4 haluat tavoittaa? Valitut markkinointikanavat (some, radio, sanomalehti-ilmoitus?). Miksi n\u00e4m\u00e4? Millaista sis\u00e4lt\u00f6\u00e4 aiot tuottaa? Anna esimerkkej\u00e4. Mieti aikataulua. Hahmottele julkaisukalenteri. Min\u00e4 [&hellip;]<\/p>\n","protected":false},"author":1,"featured_media":0,"parent":0,"menu_order":0,"comment_status":"closed","ping_status":"closed","template":"","meta":{"footnotes":""},"class_list":["post-519","page","type-page","status-publish","hentry"],"_links":{"self":[{"href":"http:\/\/miiahuttu.nettihotelli.info\/wordpress\/wp-json\/wp\/v2\/pages\/519","targetHints":{"allow":["GET"]}}],"collection":[{"href":"http:\/\/miiahuttu.nettihotelli.info\/wordpress\/wp-json\/wp\/v2\/pages"}],"about":[{"href":"http:\/\/miiahuttu.nettihotelli.info\/wordpress\/wp-json\/wp\/v2\/types\/page"}],"author":[{"embeddable":true,"href":"http:\/\/miiahuttu.nettihotelli.info\/wordpress\/wp-json\/wp\/v2\/users\/1"}],"replies":[{"embeddable":true,"href":"http:\/\/miiahuttu.nettihotelli.info\/wordpress\/wp-json\/wp\/v2\/comments?post=519"}],"version-history":[{"count":32,"href":"http:\/\/miiahuttu.nettihotelli.info\/wordpress\/wp-json\/wp\/v2\/pages\/519\/revisions"}],"predecessor-version":[{"id":721,"href":"http:\/\/miiahuttu.nettihotelli.info\/wordpress\/wp-json\/wp\/v2\/pages\/519\/revisions\/721"}],"wp:attachment":[{"href":"http:\/\/miiahuttu.nettihotelli.info\/wordpress\/wp-json\/wp\/v2\/media?parent=519"}],"curies":[{"name":"wp","href":"https:\/\/api.w.org\/{rel}","templated":true}]}}