{"id":550,"date":"2020-04-11T15:45:48","date_gmt":"2020-04-11T13:45:48","guid":{"rendered":"http:\/\/miiahuttu.nettihotelli.info\/?page_id=550"},"modified":"2021-05-03T11:30:58","modified_gmt":"2021-05-03T09:30:58","slug":"korona-etatehtava-dokumentaatio","status":"publish","type":"page","link":"http:\/\/miiahuttu.nettihotelli.info\/wordpress\/korona-etatehtava-dokumentaatio\/","title":{"rendered":"Oman osaamisen dokumentointi"},"content":{"rendered":"\n<p>Dokumentaatiokurssilla perehdyt\u00e4\u00e4n oman osaamisen esittelemisen ja dokumentoinnin v\u00e4lineisiin. T\u00e4llaisia ovat esimerkiksi blogit ja esitysgrafiikka. Voit valita kolmesta ty\u00f6kalusta:<br>1. <a rel=\"noreferrer noopener\" href=\"https:\/\/www.blogger.com\/\" target=\"_blank\">Blogger<\/a> (Googlen blogialusta) <br>2. Esitysgrafiikan luominen <a rel=\"noreferrer noopener\" href=\"http:\/\/canva.com\" target=\"_blank\">Canva<\/a>-ohjelmalla <br>3. Esitysgrafiikan luominen <a rel=\"noreferrer noopener\" href=\"https:\/\/prezi.com\/\" target=\"_blank\">Prezi<\/a>-ohjelmalla<br>Perehdy ensin ohjelmiin alla olevien video-tutoriaalien avulla. T\u00e4m\u00e4n j\u00e4lkeen <em>valitse se ohjelma, jota haluat k\u00e4ytt\u00e4\u00e4 omassa portfoliossasi.<\/em> Yksi ty\u00f6kalu siis riitt\u00e4\u00e4.<\/p>\n\n\n\n<hr class=\"wp-block-separator\"\/>\n\n\n\n<h2 class=\"wp-block-heading\">1. Blogger<\/h2>\n\n\n\n<p>Blogger on Google-konsernin tuottama blogialusta, jonka saat k\u00e4ytt\u00f6\u00f6si, kun luot itsellesi Google-tilin. Jos sinulla ei ole viel\u00e4 Google-tili\u00e4, katso ohjeet tilin luomiseen <strong><a rel=\"noreferrer noopener\" href=\"https:\/\/support.google.com\/accounts\/answer\/27441?hl=fi\" target=\"_blank\">t\u00e4\u00e4lt\u00e4.<\/a><\/strong><\/p>\n\n\n\n<p>Bloggeria voi k\u00e4ytt\u00e4\u00e4 oman ty\u00f6n dokumentoinnissa ja esittelyss\u00e4 esimerkiksi t\u00e4h\u00e4n tapaan: <a href=\"https:\/\/omituinendesign.blogspot.com\/\">https:\/\/omituinendesign.blogspot.com\/<\/a> <br>(Blogi on vanha, eiv\u00e4tk\u00e4 kaikki linkit en\u00e4\u00e4 toimi.)<\/p>\n\n\n\n<p>Alla olevalla videolla kerrotaan, miten blogi luodaan, miten kirjoitetaan tekstijulkaisu, miten tehd\u00e4\u00e4n v\u00e4lilehti\u00e4 ja muutetaan blogin asetuksia. <br>Katsele t\u00e4ss\u00e4 tai mene videon alareunan linkist\u00e4 YouTubeen.<\/p>\n\n\n\n<figure class=\"wp-block-embed is-type-video is-provider-youtube wp-block-embed-youtube wp-embed-aspect-16-9 wp-has-aspect-ratio\"><div class=\"wp-block-embed__wrapper\">\n<iframe loading=\"lazy\" title=\"Blogin luominen Bloggerilla, ohjeet perusasetuksiin ja v\u00e4lilehtien luontiin\" width=\"900\" height=\"506\" src=\"https:\/\/www.youtube.com\/embed\/MEuT0xKdOts?feature=oembed\" frameborder=\"0\" allow=\"accelerometer; autoplay; encrypted-media; gyroscope; picture-in-picture\" allowfullscreen><\/iframe>\n<\/div><\/figure>\n\n\n\n<p>Toisella videolla k\u00e4yd\u00e4\u00e4n l\u00e4pi osittain samat asiat hieman yksityiskohtaisemmin. <br>T\u00e4ll\u00e4 videolla tutustutaan tarkemmin my\u00f6s ulkoasun muokkaukseen. <br>Katsele t\u00e4ss\u00e4 tai mene videon alareunan linkist\u00e4 YouTubeen.<\/p>\n\n\n\n<figure class=\"wp-block-embed is-type-video is-provider-youtube wp-block-embed-youtube wp-embed-aspect-16-9 wp-has-aspect-ratio\"><div class=\"wp-block-embed__wrapper\">\n<iframe loading=\"lazy\" title=\"Oppiminen Online - Blogger\" width=\"900\" height=\"506\" src=\"https:\/\/www.youtube.com\/embed\/SwRv6qCE8z8?feature=oembed\" frameborder=\"0\" allow=\"accelerometer; autoplay; encrypted-media; gyroscope; picture-in-picture\" allowfullscreen><\/iframe>\n<\/div><\/figure>\n\n\n\n<p><\/p>\n\n\n\n<div style=\"height:32px\" aria-hidden=\"true\" class=\"wp-block-spacer\"><\/div>\n\n\n\n<hr class=\"wp-block-separator\"\/>\n\n\n\n<h2 class=\"wp-block-heading\">2. Canva<\/h2>\n\n\n\n<p>Voit katsella ensin Markkinointi ja viestint\u00e4 -kurssille tekem\u00e4ni tutorial-videot (yht. 50 min) Canvan k\u00e4yt\u00f6st\u00e4 yleens\u00e4. <br>Videon oikeasta alareunasta p\u00e4\u00e4set katsomaan videota YouTubessa. Sielt\u00e4 l\u00f6yd\u00e4t my\u00f6s videon toisen osan.<\/p>\n\n\n\n<figure class=\"wp-block-embed is-type-video is-provider-youtube wp-block-embed-youtube wp-embed-aspect-4-3 wp-has-aspect-ratio\"><div class=\"wp-block-embed__wrapper\">\n<iframe loading=\"lazy\" title=\"Canva-tutorial OSA 1\" width=\"900\" height=\"675\" src=\"https:\/\/www.youtube.com\/embed\/Q0MzF_zfTQo?start=90&#038;feature=oembed\" frameborder=\"0\" allow=\"accelerometer; autoplay; encrypted-media; gyroscope; picture-in-picture\" allowfullscreen><\/iframe>\n<\/div><\/figure>\n\n\n\n<p>Alla olevassa videossa selitet\u00e4\u00e4n, kuinka voit tehd\u00e4 diaesityksi\u00e4 Canvalla. <\/p>\n\n\n\n<figure class=\"wp-block-embed is-type-video is-provider-youtube wp-block-embed-youtube wp-embed-aspect-4-3 wp-has-aspect-ratio\"><div class=\"wp-block-embed__wrapper\">\n<iframe loading=\"lazy\" title=\"Esitysgrafiikan tekeminen Canvassa\" width=\"900\" height=\"675\" src=\"https:\/\/www.youtube.com\/embed\/fu-yGNYXHvE?feature=oembed\" frameborder=\"0\" allow=\"accelerometer; autoplay; encrypted-media; gyroscope; picture-in-picture\" allowfullscreen><\/iframe>\n<\/div><\/figure>\n\n\n\n<hr class=\"wp-block-separator\"\/>\n\n\n\n<h2 class=\"wp-block-heading\">3. Prezi<\/h2>\n\n\n\n<p>Prezi on netiss\u00e4 toimiva esitysgrafiikkaohjelma, jolla voi tehd\u00e4 n\u00e4ytt\u00e4vi\u00e4 visuaalisia esityksi\u00e4 mist\u00e4 tahansa aiheesta katseltavaksi nettiin. Voidaan sanoa, ett\u00e4 Prezi on hieman kuin PowerPoint, mutta edistyksellisempi. <\/p>\n\n\n\n<p>T\u00e4ss\u00e4 esimerkki, josta n\u00e4et, milt\u00e4 Prezi-esitys n\u00e4ytt\u00e4\u00e4: <a href=\"https:\/\/prezi.com\/p\/-gyuvcwomwqz\/?present=1\" target=\"_blank\" rel=\"noreferrer noopener\">https:\/\/prezi.com\/p\/-gyuvcwomwqz\/?present=1<\/a><\/p>\n\n\n\n<p>Ohjelma on saatavilla ainoastaan englanniksi. Jos englanti sujuu, voit ottaa ty\u00f6kaluksi Prezin. <\/p>\n\n\n\n<p>Alla olevalla videolla n\u00e4ytet\u00e4\u00e4n, miten luot uuden Prezi-esityksen, lis\u00e4\u00e4t siihen teksti\u00e4 ja kuvia, luot uusia alavalikoita jne. Lis\u00e4\u00e4 opetusvideoita l\u00f6yd\u00e4t <a rel=\"noreferrer noopener\" href=\"https:\/\/www.youtube.com\/playlist?list=PL8ciRIuEbGNa6u9bHP9IlLCXRRKS0Y1Fk\" target=\"_blank\">t\u00e4\u00e4lt\u00e4.<\/a><\/p>\n\n\n\n<figure class=\"wp-block-embed is-type-video is-provider-youtube wp-block-embed-youtube wp-embed-aspect-16-9 wp-has-aspect-ratio\"><div class=\"wp-block-embed__wrapper\">\n<iframe loading=\"lazy\" title=\"Prezi tutorial: Get started in Prezi Next\" width=\"900\" height=\"506\" src=\"https:\/\/www.youtube.com\/embed\/videoseries?list=PL8ciRIuEbGNa6u9bHP9IlLCXRRKS0Y1Fk\" frameborder=\"0\" allow=\"accelerometer; autoplay; encrypted-media; gyroscope; picture-in-picture\" allowfullscreen><\/iframe>\n<\/div><\/figure>\n\n\n\n<hr class=\"wp-block-separator\"\/>\n\n\n\n<h2 class=\"wp-block-heading\">Teht\u00e4v\u00e4:<\/h2>\n\n\n\n<p>Tee itsellesi portfolio, jossa esittelet osaamistasi jonkin yll\u00e4 olevan ty\u00f6kalun avulla. Liit\u00e4 portfolioon kuvia, tekniikkavideoita (esim. k\u00e4nnyk\u00e4ll\u00e4 kuvattuja) ja teksti\u00e4 haluamillasi tavoilla.<\/p>\n\n\n\n<p>L\u00e4het\u00e4 tekem\u00e4si portfolion linkki opettajalle osoitteeseen: miia.huttu(\u00e4t)omituinendesign.com<\/p>\n","protected":false},"excerpt":{"rendered":"<p>Dokumentaatiokurssilla perehdyt\u00e4\u00e4n oman osaamisen esittelemisen ja dokumentoinnin v\u00e4lineisiin. T\u00e4llaisia ovat esimerkiksi blogit ja esitysgrafiikka. Voit valita kolmesta ty\u00f6kalusta:1. Blogger (Googlen blogialusta) 2. Esitysgrafiikan luominen Canva-ohjelmalla 3. Esitysgrafiikan luominen Prezi-ohjelmallaPerehdy ensin ohjelmiin alla olevien video-tutoriaalien avulla. T\u00e4m\u00e4n j\u00e4lkeen valitse se ohjelma, jota haluat k\u00e4ytt\u00e4\u00e4 omassa portfoliossasi. Yksi ty\u00f6kalu siis riitt\u00e4\u00e4. 1. Blogger Blogger on Google-konsernin tuottama [&hellip;]<\/p>\n","protected":false},"author":1,"featured_media":0,"parent":0,"menu_order":0,"comment_status":"closed","ping_status":"closed","template":"","meta":{"footnotes":""},"class_list":["post-550","page","type-page","status-publish","hentry"],"_links":{"self":[{"href":"http:\/\/miiahuttu.nettihotelli.info\/wordpress\/wp-json\/wp\/v2\/pages\/550","targetHints":{"allow":["GET"]}}],"collection":[{"href":"http:\/\/miiahuttu.nettihotelli.info\/wordpress\/wp-json\/wp\/v2\/pages"}],"about":[{"href":"http:\/\/miiahuttu.nettihotelli.info\/wordpress\/wp-json\/wp\/v2\/types\/page"}],"author":[{"embeddable":true,"href":"http:\/\/miiahuttu.nettihotelli.info\/wordpress\/wp-json\/wp\/v2\/users\/1"}],"replies":[{"embeddable":true,"href":"http:\/\/miiahuttu.nettihotelli.info\/wordpress\/wp-json\/wp\/v2\/comments?post=550"}],"version-history":[{"count":16,"href":"http:\/\/miiahuttu.nettihotelli.info\/wordpress\/wp-json\/wp\/v2\/pages\/550\/revisions"}],"predecessor-version":[{"id":714,"href":"http:\/\/miiahuttu.nettihotelli.info\/wordpress\/wp-json\/wp\/v2\/pages\/550\/revisions\/714"}],"wp:attachment":[{"href":"http:\/\/miiahuttu.nettihotelli.info\/wordpress\/wp-json\/wp\/v2\/media?parent=550"}],"curies":[{"name":"wp","href":"https:\/\/api.w.org\/{rel}","templated":true}]}}