{"id":626,"date":"2020-10-01T19:17:48","date_gmt":"2020-10-01T17:17:48","guid":{"rendered":"http:\/\/miiahuttu.nettihotelli.info\/?page_id=626"},"modified":"2020-10-01T19:25:35","modified_gmt":"2020-10-01T17:25:35","slug":"kertaustehtava","status":"publish","type":"page","link":"http:\/\/miiahuttu.nettihotelli.info\/wordpress\/kertaustehtava\/","title":{"rendered":"Kertausteht\u00e4v\u00e4"},"content":{"rendered":"\n<p>Kerrataan markkinointiviestinn\u00e4n ja visuaalisen ilmeen aiheita.<\/p>\n\n\n\n<h3 class=\"wp-block-heading\">Teht\u00e4v\u00e4:<\/h3>\n\n\n\n<ol class=\"wp-block-list\"><li><strong>Etsi verkosta jokin yritys, jonka visuaalista ilmett\u00e4 ja markkinointiviestint\u00e4\u00e4 tarkastelet.<\/strong> Yrit\u00e4 l\u00f6yt\u00e4\u00e4 sellainen toimija, jonka graafinen ohje on verkossa. Jos graafista ohjetta ei ole, onko yrityksell\u00e4 kuitenkin selke\u00e4 graafinen ilme? Toistuvatko samat kirjaintyylit, v\u00e4rit ja muotokieli markkinointiviestist\u00e4 toiseen? <\/li><li><strong>Ker\u00e4\u00e4 esimerkkej\u00e4 yrityksen markkinointiviesteist\u00e4. <\/strong>Yrit\u00e4 l\u00f6yt\u00e4\u00e4 mahdollisimman paljon erilaisia. Milt\u00e4 nettisivut n\u00e4ytt\u00e4v\u00e4t, l\u00f6yd\u00e4tk\u00f6 mainoksia? <\/li><li><strong>Tee markkinointiviesti, jossa imitoit valitsemasi yrityksen\/yhteis\u00f6n tyyli\u00e4.<\/strong> Saatko sen n\u00e4ytt\u00e4m\u00e4\u00e4n aidolta? Mitk\u00e4 ovat t\u00e4rkeimm\u00e4t elementit? Tehd\u00e4\u00e4n viesti printtimediaan (lehti-ilmoitus, juliste, flaijeri) ja digitaaliseen mediaan (nettisivubanneri, instagram, facebook jne.)<\/li><\/ol>\n\n\n\n<p>Esittele teht\u00e4v\u00e4n tulokset koko ryhm\u00e4lle.<\/p>\n\n\n\n<figure class=\"wp-block-image size-large is-resized\"><img loading=\"lazy\" decoding=\"async\" src=\"http:\/\/miiahuttu.nettihotelli.info\/wordpress\/wp-content\/uploads\/2020\/10\/pexels-lumn-316465.jpg\" alt=\"\" class=\"wp-image-628\" width=\"734\" height=\"489\" srcset=\"http:\/\/miiahuttu.nettihotelli.info\/wordpress\/wp-content\/uploads\/2020\/10\/pexels-lumn-316465.jpg 640w, http:\/\/miiahuttu.nettihotelli.info\/wordpress\/wp-content\/uploads\/2020\/10\/pexels-lumn-316465-300x200.jpg 300w\" sizes=\"auto, (max-width: 734px) 100vw, 734px\" \/><\/figure>\n","protected":false},"excerpt":{"rendered":"<p>Kerrataan markkinointiviestinn\u00e4n ja visuaalisen ilmeen aiheita. Teht\u00e4v\u00e4: Etsi verkosta jokin yritys, jonka visuaalista ilmett\u00e4 ja markkinointiviestint\u00e4\u00e4 tarkastelet. Yrit\u00e4 l\u00f6yt\u00e4\u00e4 sellainen toimija, jonka graafinen ohje on verkossa. Jos graafista ohjetta ei ole, onko yrityksell\u00e4 kuitenkin selke\u00e4 graafinen ilme? Toistuvatko samat kirjaintyylit, v\u00e4rit ja muotokieli markkinointiviestist\u00e4 toiseen? Ker\u00e4\u00e4 esimerkkej\u00e4 yrityksen markkinointiviesteist\u00e4. Yrit\u00e4 l\u00f6yt\u00e4\u00e4 mahdollisimman paljon erilaisia. Milt\u00e4 [&hellip;]<\/p>\n","protected":false},"author":1,"featured_media":0,"parent":0,"menu_order":0,"comment_status":"closed","ping_status":"closed","template":"","meta":{"footnotes":""},"class_list":["post-626","page","type-page","status-publish","hentry"],"_links":{"self":[{"href":"http:\/\/miiahuttu.nettihotelli.info\/wordpress\/wp-json\/wp\/v2\/pages\/626","targetHints":{"allow":["GET"]}}],"collection":[{"href":"http:\/\/miiahuttu.nettihotelli.info\/wordpress\/wp-json\/wp\/v2\/pages"}],"about":[{"href":"http:\/\/miiahuttu.nettihotelli.info\/wordpress\/wp-json\/wp\/v2\/types\/page"}],"author":[{"embeddable":true,"href":"http:\/\/miiahuttu.nettihotelli.info\/wordpress\/wp-json\/wp\/v2\/users\/1"}],"replies":[{"embeddable":true,"href":"http:\/\/miiahuttu.nettihotelli.info\/wordpress\/wp-json\/wp\/v2\/comments?post=626"}],"version-history":[{"count":4,"href":"http:\/\/miiahuttu.nettihotelli.info\/wordpress\/wp-json\/wp\/v2\/pages\/626\/revisions"}],"predecessor-version":[{"id":632,"href":"http:\/\/miiahuttu.nettihotelli.info\/wordpress\/wp-json\/wp\/v2\/pages\/626\/revisions\/632"}],"wp:attachment":[{"href":"http:\/\/miiahuttu.nettihotelli.info\/wordpress\/wp-json\/wp\/v2\/media?parent=626"}],"curies":[{"name":"wp","href":"https:\/\/api.w.org\/{rel}","templated":true}]}}