{"id":634,"date":"2020-11-04T17:28:59","date_gmt":"2020-11-04T15:28:59","guid":{"rendered":"http:\/\/miiahuttu.nettihotelli.info\/?page_id=634"},"modified":"2020-11-06T19:20:03","modified_gmt":"2020-11-06T17:20:03","slug":"verkkokauppa","status":"publish","type":"page","link":"http:\/\/miiahuttu.nettihotelli.info\/wordpress\/verkkokauppa\/","title":{"rendered":"Verkkokauppa"},"content":{"rendered":"\n<figure class=\"wp-block-image size-large\"><img loading=\"lazy\" decoding=\"async\" width=\"1024\" height=\"448\" src=\"http:\/\/miiahuttu.nettihotelli.info\/wordpress\/wp-content\/uploads\/2020\/11\/pexels-karolina-grabowska-5632371-1024x448.jpg\" alt=\"\" class=\"wp-image-656\" srcset=\"http:\/\/miiahuttu.nettihotelli.info\/wordpress\/wp-content\/uploads\/2020\/11\/pexels-karolina-grabowska-5632371-1024x448.jpg 1024w, http:\/\/miiahuttu.nettihotelli.info\/wordpress\/wp-content\/uploads\/2020\/11\/pexels-karolina-grabowska-5632371-300x131.jpg 300w, http:\/\/miiahuttu.nettihotelli.info\/wordpress\/wp-content\/uploads\/2020\/11\/pexels-karolina-grabowska-5632371-768x336.jpg 768w, http:\/\/miiahuttu.nettihotelli.info\/wordpress\/wp-content\/uploads\/2020\/11\/pexels-karolina-grabowska-5632371.jpg 1300w\" sizes=\"auto, (max-width: 1024px) 100vw, 1024px\" \/><\/figure>\n\n\n\n<p>Tutustutaan ilmaiseen <a rel=\"noreferrer noopener\" href=\"https:\/\/www.mycashflow.fi\/l\/ilmainen-verkkokauppa?gclid=CjwKCAiAv4n9BRA9EiwA30WND3Qqsppvyhh6iWG6agi-e5PhVeECkSi356oulf2Rmi1in1l-7G3nYxoCZ50QAvD_BwE\" target=\"_blank\">MyCashflow<\/a>-verkkokauppa-alustaan. <br>Alustasta on olemassa my\u00f6s maksulliset versiot. <\/p>\n\n\n\n<p><a rel=\"noreferrer noopener\" href=\"https:\/\/markkinointi.mycashflow.fi\/files\/mcf-verkkokaupan-rakentajan-tyokirja.pdf\" target=\"_blank\">MyCashflown ty\u00f6kirja verkkokauppaa perustavalle.<\/a><\/p>\n\n\n\n<p>Oman kauppasi hallintapaneeliin p\u00e4\u00e4set osoitteessa <strong>https:\/\/omakauppa.mycashflow.fi\/flow\/<\/strong><\/p>\n\n\n\n<hr class=\"wp-block-separator\"\/>\n\n\n\n<p><a rel=\"noreferrer noopener\" href=\"https:\/\/prezi.com\/view\/ooX1OVLyLENqYQNCyBcm\/\" target=\"_blank\"><strong>Prezi-esitys verkkokaupasta.<\/strong><\/a><\/p>\n\n\n\n<hr class=\"wp-block-separator\"\/>\n\n\n\n<h3 class=\"wp-block-heading\">Muita verkkokauppa-alustoja<\/h3>\n\n\n\n<h4 class=\"wp-block-heading\">Facebook-kauppa:<\/h4>\n\n\n\n<p><a rel=\"noreferrer noopener\" href=\"https:\/\/www.digimarkkinointi.fi\/blogi\/miten-facebook-kauppa-perustetaan\" target=\"_blank\">Miten Facebook-kauppa perustetaan?<\/a><\/p>\n\n\n\n<p><a rel=\"noreferrer noopener\" href=\"https:\/\/www.facebook.com\/business\/help\/268860861184453?id=1077620002609475\" target=\"_blank\">Facebookin ohjeet kauppiaalle<\/a><\/p>\n\n\n\n<p>Facebook-kaupan tuotteet voi linkitt\u00e4\u00e4 Instagramiin. Ohjeita esimerkiksi <a rel=\"noreferrer noopener\" href=\"https:\/\/www.digimarkkinointi.fi\/blogi\/instagram-shopping\" target=\"_blank\">t\u00e4\u00e4ll\u00e4<\/a>.<\/p>\n\n\n\n<h4 class=\"wp-block-heading\">Etsy-kauppa:<\/h4>\n\n\n\n<p><a rel=\"noreferrer noopener\" href=\"https:\/\/www.etsy.com\/sell?ref=ftr\" target=\"_blank\">Etsy-kaupan perustaminen<\/a><\/p>\n\n\n\n<h4 class=\"wp-block-heading\">Holvi-kauppa:<\/h4>\n\n\n\n<p>Holvi on kotimainen yritystilipalvelu, jonka yhteyteen voi luoda edullisen verkkokaupan. Hinnasto <a rel=\"noreferrer noopener\" href=\"https:\/\/www.holvi.com\/fi\/hinnoittelu\/\" target=\"_blank\">t\u00e4\u00e4ll\u00e4<\/a>.<\/p>\n\n\n\n<p>Holvi-kaupan perustaminen onnistuu<a rel=\"noreferrer noopener\" href=\"https:\/\/www.holvi.com\/fi\/verkkokaupan-perustaminen\/?ajs_event=mclick\" target=\"_blank\"> t\u00e4\u00e4lt\u00e4<\/a>.<\/p>\n\n\n\n<h4 class=\"wp-block-heading\">Muita maksullisia vaihtoehtoja:<\/h4>\n\n\n\n<p><a href=\"https:\/\/finqu.fi\/hinnasto\" target=\"_blank\" rel=\"noreferrer noopener\">Finqu<\/a><\/p>\n\n\n\n<p><a href=\"https:\/\/www.vilkas.fi\/hinnoittelu\" target=\"_blank\" rel=\"noreferrer noopener\">Vilkas<\/a><\/p>\n\n\n\n<p><a href=\"https:\/\/www.shopify.com\/pricing\" target=\"_blank\" rel=\"noreferrer noopener\">Shopify<\/a><\/p>\n\n\n\n<p><a rel=\"noreferrer noopener\" href=\"https:\/\/woocommerce.com\/#\" target=\"_blank\">WooCommerce<\/a> (toimii WordPress-alustalla)<\/p>\n\n\n\n<p><a rel=\"noreferrer noopener\" href=\"https:\/\/www.webnode.fi\/hinnat-w2\/\" target=\"_blank\">Webnode<\/a><\/p>\n\n\n\n<p><a href=\"https:\/\/www.wix.com\/mystunningwebsites\/ecom-onlinestore?experiment_id=cake_73524427%5E88\" target=\"_blank\" rel=\"noreferrer noopener\">Wix<\/a><\/p>\n\n\n\n<p><a href=\"https:\/\/e-commerceplatforms.com\/wix-verkkokauppa-kokemuksia\/\" target=\"_blank\" rel=\"noreferrer noopener\">Suomalaisen k\u00e4ytt\u00e4j\u00e4n analyysi Wix-kaupasta<\/a><\/p>\n","protected":false},"excerpt":{"rendered":"<p>Tutustutaan ilmaiseen MyCashflow-verkkokauppa-alustaan. Alustasta on olemassa my\u00f6s maksulliset versiot. MyCashflown ty\u00f6kirja verkkokauppaa perustavalle. Oman kauppasi hallintapaneeliin p\u00e4\u00e4set osoitteessa https:\/\/omakauppa.mycashflow.fi\/flow\/ Prezi-esitys verkkokaupasta. Muita verkkokauppa-alustoja Facebook-kauppa: Miten Facebook-kauppa perustetaan? Facebookin ohjeet kauppiaalle Facebook-kaupan tuotteet voi linkitt\u00e4\u00e4 Instagramiin. Ohjeita esimerkiksi t\u00e4\u00e4ll\u00e4. Etsy-kauppa: Etsy-kaupan perustaminen Holvi-kauppa: Holvi on kotimainen yritystilipalvelu, jonka yhteyteen voi luoda edullisen verkkokaupan. Hinnasto t\u00e4\u00e4ll\u00e4. Holvi-kaupan [&hellip;]<\/p>\n","protected":false},"author":1,"featured_media":0,"parent":0,"menu_order":0,"comment_status":"closed","ping_status":"closed","template":"","meta":{"footnotes":""},"class_list":["post-634","page","type-page","status-publish","hentry"],"_links":{"self":[{"href":"http:\/\/miiahuttu.nettihotelli.info\/wordpress\/wp-json\/wp\/v2\/pages\/634","targetHints":{"allow":["GET"]}}],"collection":[{"href":"http:\/\/miiahuttu.nettihotelli.info\/wordpress\/wp-json\/wp\/v2\/pages"}],"about":[{"href":"http:\/\/miiahuttu.nettihotelli.info\/wordpress\/wp-json\/wp\/v2\/types\/page"}],"author":[{"embeddable":true,"href":"http:\/\/miiahuttu.nettihotelli.info\/wordpress\/wp-json\/wp\/v2\/users\/1"}],"replies":[{"embeddable":true,"href":"http:\/\/miiahuttu.nettihotelli.info\/wordpress\/wp-json\/wp\/v2\/comments?post=634"}],"version-history":[{"count":15,"href":"http:\/\/miiahuttu.nettihotelli.info\/wordpress\/wp-json\/wp\/v2\/pages\/634\/revisions"}],"predecessor-version":[{"id":662,"href":"http:\/\/miiahuttu.nettihotelli.info\/wordpress\/wp-json\/wp\/v2\/pages\/634\/revisions\/662"}],"wp:attachment":[{"href":"http:\/\/miiahuttu.nettihotelli.info\/wordpress\/wp-json\/wp\/v2\/media?parent=634"}],"curies":[{"name":"wp","href":"https:\/\/api.w.org\/{rel}","templated":true}]}}