{"id":678,"date":"2021-02-27T14:26:48","date_gmt":"2021-02-27T12:26:48","guid":{"rendered":"http:\/\/miiahuttu.nettihotelli.info\/?page_id=678"},"modified":"2021-05-03T11:43:15","modified_gmt":"2021-05-03T09:43:15","slug":"optimoitu-svg-canvaa-varten","status":"publish","type":"page","link":"http:\/\/miiahuttu.nettihotelli.info\/wordpress\/optimoitu-svg-canvaa-varten\/","title":{"rendered":"Optimoitu SVG Canvaa varten"},"content":{"rendered":"\n<p>Kun tallennat Inkscapesta piirroksen ja haluat vied\u00e4 sen Canvaan, k\u00e4yt\u00e4<strong> optimoitua SVG-muotoa<\/strong>. Ryhmit\u00e4 kaikki elementit yhteen ryhm\u00e4\u00e4n ennen SVG:n tallentamista. <strong>\u00c4l\u00e4 k\u00e4yt\u00e4 <\/strong>sis\u00e4kk\u00e4isi\u00e4 ryhmi\u00e4!<\/p>\n\n\n\n<p>Huom! Jos et saa SVG:t\u00e4 toimimaan Canvassa, tallenna kuvasi PNG-tiedostona (Vie PNG-bittikartta \/ Export PNG image).<\/p>\n\n\n\n<p>Muista tallentaa ty\u00f6tiedosto Inkscape SVG:n\u00e4, jotta alkuper\u00e4inen tiedosto pysyy tallessa. Tallenna eri nimill\u00e4, jotta erotat tiedostot toisistaan!<\/p>\n\n\n\n<p><strong>Tee optimoitu SVG seuraavilla asetuksilla: <\/strong><\/p>\n\n\n\n<figure class=\"wp-block-image size-large\"><a href=\"http:\/\/miiahuttu.nettihotelli.info\/wordpress\/wp-content\/uploads\/2021\/02\/Optimoitu-PDF-Asetukset.png\"><img loading=\"lazy\" decoding=\"async\" width=\"408\" height=\"463\" src=\"http:\/\/miiahuttu.nettihotelli.info\/wordpress\/wp-content\/uploads\/2021\/02\/Optimoitu-PDF-Asetukset.png\" alt=\"\" class=\"wp-image-679\" srcset=\"http:\/\/miiahuttu.nettihotelli.info\/wordpress\/wp-content\/uploads\/2021\/02\/Optimoitu-PDF-Asetukset.png 408w, http:\/\/miiahuttu.nettihotelli.info\/wordpress\/wp-content\/uploads\/2021\/02\/Optimoitu-PDF-Asetukset-264x300.png 264w\" sizes=\"auto, (max-width: 408px) 100vw, 408px\" \/><\/a><\/figure>\n\n\n\n<figure class=\"wp-block-image size-large\"><a href=\"http:\/\/miiahuttu.nettihotelli.info\/wordpress\/wp-content\/uploads\/2021\/02\/Optimoitu-PDF-SVG-tallennus.png\"><img loading=\"lazy\" decoding=\"async\" width=\"409\" height=\"464\" src=\"http:\/\/miiahuttu.nettihotelli.info\/wordpress\/wp-content\/uploads\/2021\/02\/Optimoitu-PDF-SVG-tallennus.png\" alt=\"\" class=\"wp-image-680\" srcset=\"http:\/\/miiahuttu.nettihotelli.info\/wordpress\/wp-content\/uploads\/2021\/02\/Optimoitu-PDF-SVG-tallennus.png 409w, http:\/\/miiahuttu.nettihotelli.info\/wordpress\/wp-content\/uploads\/2021\/02\/Optimoitu-PDF-SVG-tallennus-264x300.png 264w\" sizes=\"auto, (max-width: 409px) 100vw, 409px\" \/><\/a><\/figure>\n\n\n\n<figure class=\"wp-block-image size-large\"><a href=\"http:\/\/miiahuttu.nettihotelli.info\/wordpress\/wp-content\/uploads\/2021\/02\/Optimoitu-PDF-IDs.png\"><img loading=\"lazy\" decoding=\"async\" width=\"411\" height=\"463\" src=\"http:\/\/miiahuttu.nettihotelli.info\/wordpress\/wp-content\/uploads\/2021\/02\/Optimoitu-PDF-IDs.png\" alt=\"\" class=\"wp-image-681\" srcset=\"http:\/\/miiahuttu.nettihotelli.info\/wordpress\/wp-content\/uploads\/2021\/02\/Optimoitu-PDF-IDs.png 411w, http:\/\/miiahuttu.nettihotelli.info\/wordpress\/wp-content\/uploads\/2021\/02\/Optimoitu-PDF-IDs-266x300.png 266w\" sizes=\"auto, (max-width: 411px) 100vw, 411px\" \/><\/a><\/figure>\n","protected":false},"excerpt":{"rendered":"<p>Kun tallennat Inkscapesta piirroksen ja haluat vied\u00e4 sen Canvaan, k\u00e4yt\u00e4 optimoitua SVG-muotoa. Ryhmit\u00e4 kaikki elementit yhteen ryhm\u00e4\u00e4n ennen SVG:n tallentamista. \u00c4l\u00e4 k\u00e4yt\u00e4 sis\u00e4kk\u00e4isi\u00e4 ryhmi\u00e4! Huom! Jos et saa SVG:t\u00e4 toimimaan Canvassa, tallenna kuvasi PNG-tiedostona (Vie PNG-bittikartta \/ Export PNG image). Muista tallentaa ty\u00f6tiedosto Inkscape SVG:n\u00e4, jotta alkuper\u00e4inen tiedosto pysyy tallessa. Tallenna eri nimill\u00e4, jotta erotat [&hellip;]<\/p>\n","protected":false},"author":1,"featured_media":0,"parent":0,"menu_order":0,"comment_status":"closed","ping_status":"closed","template":"","meta":{"footnotes":""},"class_list":["post-678","page","type-page","status-publish","hentry"],"_links":{"self":[{"href":"http:\/\/miiahuttu.nettihotelli.info\/wordpress\/wp-json\/wp\/v2\/pages\/678","targetHints":{"allow":["GET"]}}],"collection":[{"href":"http:\/\/miiahuttu.nettihotelli.info\/wordpress\/wp-json\/wp\/v2\/pages"}],"about":[{"href":"http:\/\/miiahuttu.nettihotelli.info\/wordpress\/wp-json\/wp\/v2\/types\/page"}],"author":[{"embeddable":true,"href":"http:\/\/miiahuttu.nettihotelli.info\/wordpress\/wp-json\/wp\/v2\/users\/1"}],"replies":[{"embeddable":true,"href":"http:\/\/miiahuttu.nettihotelli.info\/wordpress\/wp-json\/wp\/v2\/comments?post=678"}],"version-history":[{"count":5,"href":"http:\/\/miiahuttu.nettihotelli.info\/wordpress\/wp-json\/wp\/v2\/pages\/678\/revisions"}],"predecessor-version":[{"id":718,"href":"http:\/\/miiahuttu.nettihotelli.info\/wordpress\/wp-json\/wp\/v2\/pages\/678\/revisions\/718"}],"wp:attachment":[{"href":"http:\/\/miiahuttu.nettihotelli.info\/wordpress\/wp-json\/wp\/v2\/media?parent=678"}],"curies":[{"name":"wp","href":"https:\/\/api.w.org\/{rel}","templated":true}]}}