{"id":691,"date":"2021-04-14T08:03:25","date_gmt":"2021-04-14T06:03:25","guid":{"rendered":"http:\/\/miiahuttu.nettihotelli.info\/wordpress\/?page_id=691"},"modified":"2021-04-14T08:09:44","modified_gmt":"2021-04-14T06:09:44","slug":"vektorigrafiikan-lisatehtava","status":"publish","type":"page","link":"http:\/\/miiahuttu.nettihotelli.info\/wordpress\/vektorigrafiikan-lisatehtava\/","title":{"rendered":"Vektorigrafiikan lis\u00e4teht\u00e4v\u00e4"},"content":{"rendered":"\n<p>Tee piirretty<strong> juliste<\/strong> yhdist\u00e4m\u00e4ll\u00e4 teksti\u00e4 ja piirroskuvaa. Voit k\u00e4ytt\u00e4\u00e4 Inkscapea tai Canvaa tai molempia. <\/p>\n\n\n\n<p>Palauta juliste<strong> A3-kokoisena, tulostuskelpoisena PDF-tiedostona<\/strong> opettajan s\u00e4hk\u00f6postiin: miia.huttu@omituinendesign.com<\/p>\n\n\n\n<p>Voit hakea inspiraatiota <a rel=\"noreferrer noopener\" href=\"https:\/\/fi.pinterest.com\/search\/pins\/?q=illustration%20poster&amp;rs=typed&amp;term_meta[]=illustration%7Ctyped&amp;term_meta[]=poster%7Ctyped\" target=\"_blank\">netist\u00e4<\/a> tai l\u00e4hte\u00e4 liikkeelle miettim\u00e4ll\u00e4 jonkin tapahtuman\/aiheen, jolle olet tekem\u00e4ss\u00e4 julistetta.<\/p>\n","protected":false},"excerpt":{"rendered":"<p>Tee piirretty juliste yhdist\u00e4m\u00e4ll\u00e4 teksti\u00e4 ja piirroskuvaa. Voit k\u00e4ytt\u00e4\u00e4 Inkscapea tai Canvaa tai molempia. Palauta juliste A3-kokoisena, tulostuskelpoisena PDF-tiedostona opettajan s\u00e4hk\u00f6postiin: miia.huttu@omituinendesign.com Voit hakea inspiraatiota netist\u00e4 tai l\u00e4hte\u00e4 liikkeelle miettim\u00e4ll\u00e4 jonkin tapahtuman\/aiheen, jolle olet tekem\u00e4ss\u00e4 julistetta.<\/p>\n","protected":false},"author":1,"featured_media":0,"parent":0,"menu_order":0,"comment_status":"closed","ping_status":"closed","template":"","meta":{"footnotes":""},"class_list":["post-691","page","type-page","status-publish","hentry"],"_links":{"self":[{"href":"http:\/\/miiahuttu.nettihotelli.info\/wordpress\/wp-json\/wp\/v2\/pages\/691","targetHints":{"allow":["GET"]}}],"collection":[{"href":"http:\/\/miiahuttu.nettihotelli.info\/wordpress\/wp-json\/wp\/v2\/pages"}],"about":[{"href":"http:\/\/miiahuttu.nettihotelli.info\/wordpress\/wp-json\/wp\/v2\/types\/page"}],"author":[{"embeddable":true,"href":"http:\/\/miiahuttu.nettihotelli.info\/wordpress\/wp-json\/wp\/v2\/users\/1"}],"replies":[{"embeddable":true,"href":"http:\/\/miiahuttu.nettihotelli.info\/wordpress\/wp-json\/wp\/v2\/comments?post=691"}],"version-history":[{"count":2,"href":"http:\/\/miiahuttu.nettihotelli.info\/wordpress\/wp-json\/wp\/v2\/pages\/691\/revisions"}],"predecessor-version":[{"id":696,"href":"http:\/\/miiahuttu.nettihotelli.info\/wordpress\/wp-json\/wp\/v2\/pages\/691\/revisions\/696"}],"wp:attachment":[{"href":"http:\/\/miiahuttu.nettihotelli.info\/wordpress\/wp-json\/wp\/v2\/media?parent=691"}],"curies":[{"name":"wp","href":"https:\/\/api.w.org\/{rel}","templated":true}]}}